{"id":46750,"date":"2023-10-31T13:46:27","date_gmt":"2023-10-31T13:46:27","guid":{"rendered":"https:\/\/www.va-q-tec.com\/?page_id=46750"},"modified":"2023-11-21T14:18:06","modified_gmt":"2023-11-21T14:18:06","slug":"tempchain-expert-panel-live-webinar-en-francais","status":"publish","type":"page","link":"https:\/\/www.va-q-tec.com\/en\/tempchain-expert-panel-live-webinar-en-francais\/","title":{"rendered":"TempChain Expert Panel Live Webinar en fran\u00e7ais"},"content":{"rendered":"\n<div id=\"page-headline-block_652d2c5eea03d\" class=\"widget widget-page-headline widget--space-before-medium widget--space-after-none\">\n            <div class=\"widget__header\">\n            <div class=\"container\">\n                <div class=\"title\">\n                                            <div class=\"topline\">\n                            <div class=\"breadcrumbs\">\n                <div class=\"container\">\n                    <div class=\"row\">\n                        <div class=\"breadcrumbs__items\">\n                            <div class=\"breadcrumbs__content\">\n                                <div class=\"breadcrumbs__item\"><\/div>\n                            <\/div>\n                        <\/div>\n                    <\/div>\n                <\/div>\n            <\/div>                        <\/div>\n                                                                <div class=\"headline\">\n                            <h1>TempChain Expert Panel Live Webinar en fran\u00e7ais<\/h1>\n                        <\/div>\n                                                        <\/div>\n            <\/div>\n        <\/div>\n    <\/div>\n\n\n\n<div id=\"headline-with-text-block_652939602eb2d\" class=\"widget widget-headline-with-text theme-col theme-align-center widget--space-before-medium widget--space-after-none\">\n            <div class=\"widget__header\">\n            <div class=\"container\">\n                                                    <div class=\"text text-medium\"><p>Nous vous invitons \u00e0 nous rejoindre le 7 d\u00e9cembre 2023 pour notre deuxi\u00e8me TempChain Expert Panel Live Webinar en fran\u00e7ais.<\/p>\n<p>L\u2019\u00e9quipe va-Q-tec, avec <strong>Julien Bonnefond<\/strong>, responsable France, et<strong> Coraline Bonin<\/strong>, commerciale France, vous feront d\u00e9couvrir les possibilit\u00e9s existantes qui peuvent vous aider \u00e0 allier fiabilit\u00e9, s\u00e9curit\u00e9, durabilit\u00e9 et am\u00e9nagement des co\u00fbts tout au long de vos livraisons \u00e0 temp\u00e9rature.<\/p>\n<p>Cette session aura lieu le 7 d\u00e9cembre de 15h \u00e0 16h<\/p>\n<p>En vous enregistrant vous aurez la possibilit\u00e9 de:<\/p>\n<ul>\n<li>Participer au webinaire<\/li>\n<li>Obtenir des informations cl\u00e9s de l\u2019industrie<\/li>\n<li>Participer \u00e0 la discussion de fin de session<\/li>\n<\/ul>\n<\/div>\n                            <\/div>\n        <\/div>\n        <\/div>\n\n\n\n<div id=\"richtext-block_65293aaffaeba\" class=\"widget widget-richtext mode-wide widget--space-before-small widget--space-after-medium\">\n    <div class=\"widget__middle\">\n        <div class=\"container\">\n            <div class=\"richtext\">\n                <p><small style='float:right;'>powered by <a href='https:\/\/eveeno.com' target='_blank'>eveeno.de<\/a><\/small><iframe src='https:\/\/eveeno.com\/168775157?format=embedded' style='border:none;width:100%;height:800px;'><\/iframe><\/p>\n            <\/div>\n        <\/div>\n    <\/div>\n<\/div>\n","protected":false},"excerpt":{"rendered":"","protected":false},"author":15,"featured_media":0,"parent":0,"menu_order":0,"comment_status":"closed","ping_status":"closed","template":"","meta":{"_acf_changed":false,"footnotes":""},"class_list":["post-46750","page","type-page","status-publish","hentry"],"acf":[],"yoast_head":"<!-- This site is optimized with the Yoast SEO plugin v25.7 - https:\/\/yoast.com\/wordpress\/plugins\/seo\/ -->\n<title>TempChain Expert Panel Live Webinar en fran\u00e7ais - va-Q-tec<\/title>\n<meta name=\"robots\" content=\"index, follow, max-snippet:-1, max-image-preview:large, max-video-preview:-1\" \/>\n<link rel=\"canonical\" href=\"https:\/\/www.va-q-tec.com\/en\/tempchain-expert-panel-live-webinar-en-francais\/\" \/>\n<meta property=\"og:locale\" content=\"en_US\" \/>\n<meta property=\"og:type\" content=\"article\" \/>\n<meta property=\"og:title\" content=\"TempChain Expert Panel Live Webinar en fran\u00e7ais - va-Q-tec\" \/>\n<meta property=\"og:url\" content=\"https:\/\/www.va-q-tec.com\/en\/tempchain-expert-panel-live-webinar-en-francais\/\" \/>\n<meta property=\"og:site_name\" content=\"va-Q-tec\" \/>\n<meta property=\"article:modified_time\" content=\"2023-11-21T14:18:06+00:00\" \/>\n<meta name=\"twitter:card\" content=\"summary_large_image\" \/>\n<script type=\"application\/ld+json\" class=\"yoast-schema-graph\">{\"@context\":\"https:\/\/schema.org\",\"@graph\":[{\"@type\":\"WebPage\",\"@id\":\"https:\/\/www.va-q-tec.com\/en\/tempchain-expert-panel-live-webinar-en-francais\/\",\"url\":\"https:\/\/www.va-q-tec.com\/en\/tempchain-expert-panel-live-webinar-en-francais\/\",\"name\":\"TempChain Expert Panel Live Webinar en fran\u00e7ais - va-Q-tec\",\"isPartOf\":{\"@id\":\"https:\/\/www.va-q-tec.com\/en\/#website\"},\"datePublished\":\"2023-10-31T13:46:27+00:00\",\"dateModified\":\"2023-11-21T14:18:06+00:00\",\"breadcrumb\":{\"@id\":\"https:\/\/www.va-q-tec.com\/en\/tempchain-expert-panel-live-webinar-en-francais\/#breadcrumb\"},\"inLanguage\":\"en-US\",\"potentialAction\":[{\"@type\":\"ReadAction\",\"target\":[\"https:\/\/www.va-q-tec.com\/en\/tempchain-expert-panel-live-webinar-en-francais\/\"]}]},{\"@type\":\"BreadcrumbList\",\"@id\":\"https:\/\/www.va-q-tec.com\/en\/tempchain-expert-panel-live-webinar-en-francais\/#breadcrumb\",\"itemListElement\":[{\"@type\":\"ListItem\",\"position\":1,\"name\":\"Home\",\"item\":\"https:\/\/www.va-q-tec.com\/en\/\"},{\"@type\":\"ListItem\",\"position\":2,\"name\":\"TempChain Expert Panel Live Webinar en fran\u00e7ais\"}]},{\"@type\":\"WebSite\",\"@id\":\"https:\/\/www.va-q-tec.com\/en\/#website\",\"url\":\"https:\/\/www.va-q-tec.com\/en\/\",\"name\":\"va-Q-tec\",\"description\":\"We solve thermal Challenges\",\"publisher\":{\"@id\":\"https:\/\/www.va-q-tec.com\/en\/#organization\"},\"potentialAction\":[{\"@type\":\"SearchAction\",\"target\":{\"@type\":\"EntryPoint\",\"urlTemplate\":\"https:\/\/www.va-q-tec.com\/en\/?s={search_term_string}\"},\"query-input\":{\"@type\":\"PropertyValueSpecification\",\"valueRequired\":true,\"valueName\":\"search_term_string\"}}],\"inLanguage\":\"en-US\"},{\"@type\":\"Organization\",\"@id\":\"https:\/\/www.va-q-tec.com\/en\/#organization\",\"name\":\"va-Q-tec\",\"url\":\"https:\/\/www.va-q-tec.com\/en\/\",\"logo\":{\"@type\":\"ImageObject\",\"inLanguage\":\"en-US\",\"@id\":\"https:\/\/www.va-q-tec.com\/en\/#\/schema\/logo\/image\/\",\"url\":\"https:\/\/www.va-q-tec.com\/wp-content\/uploads\/va-Q-tec_Q_Logo_3c.png\",\"contentUrl\":\"https:\/\/www.va-q-tec.com\/wp-content\/uploads\/va-Q-tec_Q_Logo_3c.png\",\"width\":720,\"height\":720,\"caption\":\"va-Q-tec\"},\"image\":{\"@id\":\"https:\/\/www.va-q-tec.com\/en\/#\/schema\/logo\/image\/\"},\"sameAs\":[\"https:\/\/www.linkedin.com\/company\/va-q-tec\/\",\"https:\/\/www.instagram.com\/va_q_tec\/\",\"https:\/\/www.youtube.com\/channel\/UClLyKAwknuXYSg-SwFZfeSg\"]}]}<\/script>\n<!-- \/ Yoast SEO plugin. -->","yoast_head_json":{"title":"TempChain Expert Panel Live Webinar en fran\u00e7ais - va-Q-tec","robots":{"index":"index","follow":"follow","max-snippet":"max-snippet:-1","max-image-preview":"max-image-preview:large","max-video-preview":"max-video-preview:-1"},"canonical":"https:\/\/www.va-q-tec.com\/en\/tempchain-expert-panel-live-webinar-en-francais\/","og_locale":"en_US","og_type":"article","og_title":"TempChain Expert Panel Live Webinar en fran\u00e7ais - va-Q-tec","og_url":"https:\/\/www.va-q-tec.com\/en\/tempchain-expert-panel-live-webinar-en-francais\/","og_site_name":"va-Q-tec","article_modified_time":"2023-11-21T14:18:06+00:00","twitter_card":"summary_large_image","schema":{"@context":"https:\/\/schema.org","@graph":[{"@type":"WebPage","@id":"https:\/\/www.va-q-tec.com\/en\/tempchain-expert-panel-live-webinar-en-francais\/","url":"https:\/\/www.va-q-tec.com\/en\/tempchain-expert-panel-live-webinar-en-francais\/","name":"TempChain Expert Panel Live Webinar en fran\u00e7ais - va-Q-tec","isPartOf":{"@id":"https:\/\/www.va-q-tec.com\/en\/#website"},"datePublished":"2023-10-31T13:46:27+00:00","dateModified":"2023-11-21T14:18:06+00:00","breadcrumb":{"@id":"https:\/\/www.va-q-tec.com\/en\/tempchain-expert-panel-live-webinar-en-francais\/#breadcrumb"},"inLanguage":"en-US","potentialAction":[{"@type":"ReadAction","target":["https:\/\/www.va-q-tec.com\/en\/tempchain-expert-panel-live-webinar-en-francais\/"]}]},{"@type":"BreadcrumbList","@id":"https:\/\/www.va-q-tec.com\/en\/tempchain-expert-panel-live-webinar-en-francais\/#breadcrumb","itemListElement":[{"@type":"ListItem","position":1,"name":"Home","item":"https:\/\/www.va-q-tec.com\/en\/"},{"@type":"ListItem","position":2,"name":"TempChain Expert Panel Live Webinar en fran\u00e7ais"}]},{"@type":"WebSite","@id":"https:\/\/www.va-q-tec.com\/en\/#website","url":"https:\/\/www.va-q-tec.com\/en\/","name":"va-Q-tec","description":"We solve thermal Challenges","publisher":{"@id":"https:\/\/www.va-q-tec.com\/en\/#organization"},"potentialAction":[{"@type":"SearchAction","target":{"@type":"EntryPoint","urlTemplate":"https:\/\/www.va-q-tec.com\/en\/?s={search_term_string}"},"query-input":{"@type":"PropertyValueSpecification","valueRequired":true,"valueName":"search_term_string"}}],"inLanguage":"en-US"},{"@type":"Organization","@id":"https:\/\/www.va-q-tec.com\/en\/#organization","name":"va-Q-tec","url":"https:\/\/www.va-q-tec.com\/en\/","logo":{"@type":"ImageObject","inLanguage":"en-US","@id":"https:\/\/www.va-q-tec.com\/en\/#\/schema\/logo\/image\/","url":"https:\/\/www.va-q-tec.com\/wp-content\/uploads\/va-Q-tec_Q_Logo_3c.png","contentUrl":"https:\/\/www.va-q-tec.com\/wp-content\/uploads\/va-Q-tec_Q_Logo_3c.png","width":720,"height":720,"caption":"va-Q-tec"},"image":{"@id":"https:\/\/www.va-q-tec.com\/en\/#\/schema\/logo\/image\/"},"sameAs":["https:\/\/www.linkedin.com\/company\/va-q-tec\/","https:\/\/www.instagram.com\/va_q_tec\/","https:\/\/www.youtube.com\/channel\/UClLyKAwknuXYSg-SwFZfeSg"]}]}},"_links":{"self":[{"href":"https:\/\/www.va-q-tec.com\/en\/wp-json\/wp\/v2\/pages\/46750","targetHints":{"allow":["GET"]}}],"collection":[{"href":"https:\/\/www.va-q-tec.com\/en\/wp-json\/wp\/v2\/pages"}],"about":[{"href":"https:\/\/www.va-q-tec.com\/en\/wp-json\/wp\/v2\/types\/page"}],"author":[{"embeddable":true,"href":"https:\/\/www.va-q-tec.com\/en\/wp-json\/wp\/v2\/users\/15"}],"replies":[{"embeddable":true,"href":"https:\/\/www.va-q-tec.com\/en\/wp-json\/wp\/v2\/comments?post=46750"}],"version-history":[{"count":11,"href":"https:\/\/www.va-q-tec.com\/en\/wp-json\/wp\/v2\/pages\/46750\/revisions"}],"predecessor-version":[{"id":47235,"href":"https:\/\/www.va-q-tec.com\/en\/wp-json\/wp\/v2\/pages\/46750\/revisions\/47235"}],"wp:attachment":[{"href":"https:\/\/www.va-q-tec.com\/en\/wp-json\/wp\/v2\/media?parent=46750"}],"curies":[{"name":"wp","href":"https:\/\/api.w.org\/{rel}","templated":true}]}}