{"id":29701,"date":"2023-08-16T08:23:04","date_gmt":"2023-08-16T08:23:04","guid":{"rendered":"https:\/\/www.va-q-tec.com\/?page_id=29701"},"modified":"2024-08-01T12:54:40","modified_gmt":"2024-08-01T12:54:40","slug":"visitor-information","status":"publish","type":"page","link":"https:\/\/www.va-q-tec.com\/en\/visitor-information\/","title":{"rendered":"Visitor Information"},"content":{"rendered":"\n<div id=\"headline-with-text-block_7aaa5dd90432bf502e4f4b83781cce7a\" class=\"widget widget-headline-with-text theme-col theme-align-center widget--space-before-medium widget--space-after-none\">\n            <div class=\"widget__header\">\n            <div class=\"container\">\n                                    <div class=\"title\">\n                                                                            <div class=\"headline\">\n                                <h1 class=\"\">Visitor Information<\/h1>\n                            <\/div>\n                                            <\/div>\n                                            <\/div>\n        <\/div>\n        <\/div>\n\n\n\n<div id=\"headline-with-text-block_ceca5f27a0c8110d03b6a58a88520c5b\" class=\"widget widget-headline-with-text theme-col theme-align-center widget--space-before-medium widget--space-after-none\">\n            <div class=\"widget__header\">\n            <div class=\"container\">\n                                    <div class=\"title\">\n                                                                            <div class=\"headline\">\n                                <h2 class=\"\">Arrival by car<\/h2>\n                            <\/div>\n                                            <\/div>\n                                            <\/div>\n        <\/div>\n        <\/div>\n\n\n<div id=\"vqt-section-block_8ee59ae1d9d267c44d5a636673e195d4\" class=\"vqt-section vqt-section--width-medium vqt-section--color-white widget--space-before-medium widget--space-after-medium\">\n    <div class=\"section\">\n        \n\n<div class=\"wp-block-columns is-layout-flex wp-container-core-columns-is-layout-1 wp-block-columns-is-layout-flex\">\n<div class=\"wp-block-column is-layout-flow wp-block-column-is-layout-flow\">\n<div id=\"headline-with-text-block_054328ffb8fbf8c9d71dfb005272cad5\" class=\"widget widget-headline-with-text theme-col theme-align-center widget--space-before-medium widget--space-after-none\">\n            <div class=\"widget__header\">\n            <div class=\"container\">\n                                    <div class=\"title\">\n                                                                            <div class=\"headline\">\n                                <h3 class=\"\">Coming from the A3<\/h3>\n                            <\/div>\n                                            <\/div>\n                                            <\/div>\n        <\/div>\n        <\/div>\n<\/div>\n\n\n\n<div class=\"wp-block-column is-layout-flow wp-block-column-is-layout-flow\">\n<div id=\"headline-with-text-block_054328ffb8fbf8c9d71dfb005272cad5\" class=\"widget widget-headline-with-text theme-col theme-align-center widget--space-before-medium widget--space-after-none\">\n            <div class=\"widget__header\">\n            <div class=\"container\">\n                                    <div class=\"title\">\n                                                                            <div class=\"headline\">\n                                <h3 class=\"\">Coming from the A3<\/h3>\n                            <\/div>\n                                            <\/div>\n                                            <\/div>\n        <\/div>\n        <\/div>\n<\/div>\n<\/div>\n\n\n\n<div class=\"wp-block-columns is-layout-flex wp-container-core-columns-is-layout-2 wp-block-columns-is-layout-flex\">\n<div class=\"wp-block-column is-layout-flow wp-block-column-is-layout-flow\">\n<div id=\"image-block_b8ab766c48bd59de4b1bdfe36c9875a8\" class=\"widget widget-image widget--space-before-small widget--space-after-none\">\n            <div class=\"widget__middle\">\n            <div class=\"container\">\n                <div class=\"image\"><img loading=\"lazy\" decoding=\"async\" width=\"1024\" height=\"724\" src=\"https:\/\/www.va-q-tec.com\/wp-content\/uploads\/Anfahrt-Frankfurt-N\u00fcrnberg-A3-englisch-yellow-1024x724.jpg\" class=\"attachment-large size-large\" alt=\"\" srcset=\"https:\/\/www.va-q-tec.com\/wp-content\/uploads\/Anfahrt-Frankfurt-N\u00fcrnberg-A3-englisch-yellow-1024x724.jpg 1024w, https:\/\/www.va-q-tec.com\/wp-content\/uploads\/Anfahrt-Frankfurt-N\u00fcrnberg-A3-englisch-yellow-300x212.jpg 300w, https:\/\/www.va-q-tec.com\/wp-content\/uploads\/Anfahrt-Frankfurt-N\u00fcrnberg-A3-englisch-yellow-768x543.jpg 768w, https:\/\/www.va-q-tec.com\/wp-content\/uploads\/Anfahrt-Frankfurt-N\u00fcrnberg-A3-englisch-yellow-1536x1086.jpg 1536w, https:\/\/www.va-q-tec.com\/wp-content\/uploads\/Anfahrt-Frankfurt-N\u00fcrnberg-A3-englisch-yellow-2048x1448.jpg 2048w, https:\/\/www.va-q-tec.com\/wp-content\/uploads\/Anfahrt-Frankfurt-N\u00fcrnberg-A3-englisch-yellow-1680x1188.jpg 1680w, https:\/\/www.va-q-tec.com\/wp-content\/uploads\/Anfahrt-Frankfurt-N\u00fcrnberg-A3-englisch-yellow-1200x849.jpg 1200w, https:\/\/www.va-q-tec.com\/wp-content\/uploads\/Anfahrt-Frankfurt-N\u00fcrnberg-A3-englisch-yellow-480x339.jpg 480w, https:\/\/www.va-q-tec.com\/wp-content\/uploads\/Anfahrt-Frankfurt-N\u00fcrnberg-A3-englisch-yellow-200x141.jpg 200w\" sizes=\"auto, (max-width: 1024px) 100vw, 1024px\" \/><\/div>\n            <\/div>\n        <\/div>\n    <\/div>\n<\/div>\n\n\n\n<div class=\"wp-block-column is-layout-flow wp-block-column-is-layout-flow\">\n<div id=\"image-block_52b44914cc3ac5426b8c4812b0edf031\" class=\"widget widget-image widget--space-before-small widget--space-after-none\">\n            <div class=\"widget__middle\">\n            <div class=\"container\">\n                <div class=\"image\"><img loading=\"lazy\" decoding=\"async\" width=\"1024\" height=\"724\" src=\"https:\/\/www.va-q-tec.com\/wp-content\/uploads\/Anfahrt-Kassel-Ulm-A7-englisch-yellow-1024x724.jpg\" class=\"attachment-large size-large\" alt=\"\" srcset=\"https:\/\/www.va-q-tec.com\/wp-content\/uploads\/Anfahrt-Kassel-Ulm-A7-englisch-yellow-1024x724.jpg 1024w, https:\/\/www.va-q-tec.com\/wp-content\/uploads\/Anfahrt-Kassel-Ulm-A7-englisch-yellow-300x212.jpg 300w, https:\/\/www.va-q-tec.com\/wp-content\/uploads\/Anfahrt-Kassel-Ulm-A7-englisch-yellow-768x543.jpg 768w, https:\/\/www.va-q-tec.com\/wp-content\/uploads\/Anfahrt-Kassel-Ulm-A7-englisch-yellow-1536x1086.jpg 1536w, https:\/\/www.va-q-tec.com\/wp-content\/uploads\/Anfahrt-Kassel-Ulm-A7-englisch-yellow-2048x1448.jpg 2048w, https:\/\/www.va-q-tec.com\/wp-content\/uploads\/Anfahrt-Kassel-Ulm-A7-englisch-yellow-1680x1188.jpg 1680w, https:\/\/www.va-q-tec.com\/wp-content\/uploads\/Anfahrt-Kassel-Ulm-A7-englisch-yellow-1200x849.jpg 1200w, https:\/\/www.va-q-tec.com\/wp-content\/uploads\/Anfahrt-Kassel-Ulm-A7-englisch-yellow-480x339.jpg 480w, https:\/\/www.va-q-tec.com\/wp-content\/uploads\/Anfahrt-Kassel-Ulm-A7-englisch-yellow-200x141.jpg 200w\" sizes=\"auto, (max-width: 1024px) 100vw, 1024px\" \/><\/div>\n            <\/div>\n        <\/div>\n    <\/div>\n<\/div>\n<\/div>\n\n\n\n<div class=\"wp-block-columns is-layout-flex wp-container-core-columns-is-layout-3 wp-block-columns-is-layout-flex\">\n<div class=\"wp-block-column is-layout-flow wp-block-column-is-layout-flow\">\n<div id=\"headline-with-text-block_fb7861025191506108fde73fb16066a3\" class=\"widget widget-headline-with-text theme-col theme-align-center widget--space-before-small widget--space-after-medium\">\n            <div class=\"widget__header\">\n            <div class=\"container\">\n                                                    <div class=\"text text-medium\"><p><strong>From both directions:<\/strong><\/p>\n<ul>\n<li>Take exit 67-Helmstadt for B468 toward W\u00fcrzburg\/Helmstadt<\/li>\n<li>Turn left onto W\u00fcrzburger Str.\/B468<\/li>\n<li>Turn right onto B8<\/li>\n<li>At Waldb\u00fcttelbrunn: Take the exit toward Hettstadt\/Waldb\u00fcttelbrunn\/Zell a. Main\/Gewerbegebiet Kies\u00e4cker<\/li>\n<li>At the roundabout, take the first exit<\/li>\n<li>Turn right toward Hettstadter Steige<\/li>\n<li>Hettstadter Steige turns left and becomes Hauptstra\u00dfe<\/li>\n<li>Turn right onto Laurentiusbr\u00fccke\/Rothofstra\u00dfe<\/li>\n<li>Continue on Albert-Einstein-Stra\u00dfe<\/li>\n<li>Turn left onto Alfred-Nobel-Stra\u00dfe<\/li>\n<\/ul>\n<\/div>\n                            <\/div>\n        <\/div>\n        <\/div>\n<\/div>\n\n\n\n<div class=\"wp-block-column is-layout-flow wp-block-column-is-layout-flow\">\n<div id=\"headline-with-text-block_a8a59ecca8ceddab4e135c0606f25335\" class=\"widget widget-headline-with-text theme-col theme-align-center widget--space-before-small widget--space-after-medium\">\n            <div class=\"widget__header\">\n            <div class=\"container\">\n                                                    <div class=\"text text-small\"><p><strong>From both directions:<\/strong><\/p>\n<ul>\n<li>Take exit 101-W\u00fcrzburg\/Estenfeld to merge onto B19 toward W\u00fcrzburg\/Estenfeld\/Rimpar<\/li>\n<li>Continue straight to stay on B19<\/li>\n<li>Take B8 exit toward B27\/Neustadt a.d. Aisch\/Marktheidenfeld\/N\u00fcrnberg<\/li>\n<li>Continue onto Schweinfurter Str.\/B8<\/li>\n<li>Take the B8 exit toward<\/li>\n<li>B27\/Marktheidenfeld\/Fulda\/Heidelberg\/Stadtring-Nord\/Oberd\u00fcrrbach\/Congress-Centrum\/Gromb\u00fchl<\/li>\n<li>Continue onto B8<\/li>\n<li>Continue onto Gromb\u00fchlstra\u00dfe<\/li>\n<li>Continue onto Auverasta\u00dfe<\/li>\n<li>Continue onto Rimparer Stra\u00dfe<\/li>\n<li>Continue onto Nordtangente<\/li>\n<li>Keep left to stay onto St\u00e4nderb\u00fchlstra\u00dfe<\/li>\n<li>Slight left onto Veitsh\u00f6chheimer Stra\u00dfe\/B27<\/li>\n<li>Turn right onto Alfred Nobel Stra\u00dfe<\/li>\n<\/ul>\n<\/div>\n                            <\/div>\n        <\/div>\n        <\/div>\n<\/div>\n<\/div>\n\n\n    <\/div>\n<\/div>\n\n\n\n<div id=\"headline-with-text-block_2cb4032c7ccf095b6af39868076966e7\" class=\"widget widget-headline-with-text theme-col theme-align-center widget--space-before-none widget--space-after-none\">\n            <div class=\"widget__header\">\n            <div class=\"container\">\n                                    <div class=\"title\">\n                                                                            <div class=\"headline\">\n                                <h2 class=\"\">Arrival by bus<\/h2>\n                            <\/div>\n                                            <\/div>\n                                                    <div class=\"text text-medium\"><p>If you want to get to va-Q-tec Thermal Solutions GmbH by bus, you have to take bus line 27 in the direction of <strong>\u201cNeuer Hafen\/D\u00fcrrbachau\u201d<\/strong> and get off at <strong>\u201cva-Q-tec\u201d<\/strong>. From there it is only a 2 minute walk to the main entrance.<\/p>\n<\/div>\n                            <\/div>\n        <\/div>\n        <\/div>\n\n\n\n<div id=\"headline-with-text-block_ecc767741781c945adf75743ef4a3a4a\" class=\"widget widget-headline-with-text theme-col theme-align-center widget--space-before-medium widget--space-after-none\">\n            <div class=\"widget__header\">\n            <div class=\"container\">\n                                    <div class=\"title\">\n                                                    <div class=\"topline\">Map of the Area<\/div>\n                                                                    <\/div>\n                                            <\/div>\n        <\/div>\n        <\/div>\n\n\n\n<div id=\"image-block_d4a3c0c8e2027b10a85f7dc586525e44\" class=\"widget widget-image widget--space-before-none widget--space-after-medium\">\n            <div class=\"widget__middle\">\n            <div class=\"container\">\n                <div class=\"image\"><img loading=\"lazy\" decoding=\"async\" width=\"1024\" height=\"600\" src=\"https:\/\/www.va-q-tec.com\/wp-content\/uploads\/Lageplan_englisch-1-1024x600.jpg\" class=\"attachment-large size-large\" alt=\"\" srcset=\"https:\/\/www.va-q-tec.com\/wp-content\/uploads\/Lageplan_englisch-1-1024x600.jpg 1024w, https:\/\/www.va-q-tec.com\/wp-content\/uploads\/Lageplan_englisch-1-300x176.jpg 300w, https:\/\/www.va-q-tec.com\/wp-content\/uploads\/Lageplan_englisch-1-768x450.jpg 768w, https:\/\/www.va-q-tec.com\/wp-content\/uploads\/Lageplan_englisch-1-1536x900.jpg 1536w, https:\/\/www.va-q-tec.com\/wp-content\/uploads\/Lageplan_englisch-1-2048x1200.jpg 2048w, https:\/\/www.va-q-tec.com\/wp-content\/uploads\/Lageplan_englisch-1-1680x984.jpg 1680w, https:\/\/www.va-q-tec.com\/wp-content\/uploads\/Lageplan_englisch-1-1200x703.jpg 1200w, https:\/\/www.va-q-tec.com\/wp-content\/uploads\/Lageplan_englisch-1-480x281.jpg 480w, https:\/\/www.va-q-tec.com\/wp-content\/uploads\/Lageplan_englisch-1-200x117.jpg 200w\" sizes=\"auto, (max-width: 1024px) 100vw, 1024px\" \/><\/div>\n            <\/div>\n        <\/div>\n    <\/div>\n","protected":false},"excerpt":{"rendered":"","protected":false},"author":15,"featured_media":0,"parent":0,"menu_order":0,"comment_status":"closed","ping_status":"closed","template":"","meta":{"_acf_changed":false,"footnotes":""},"class_list":["post-29701","page","type-page","status-publish","hentry"],"acf":[],"yoast_head":"<!-- This site is optimized with the Yoast SEO plugin v25.7 - https:\/\/yoast.com\/wordpress\/plugins\/seo\/ -->\n<title>Visitor information by car &amp; bus \u25ba va-Q-tec<\/title>\n<meta name=\"description\" content=\"You can find us here: Alfred-Nobel-Str. 33 -D-97080 W\u00fcrzburg \u25ba va-Q-tec \u25ba Let us advise you here! \u2705 We look forward to your visit!\" \/>\n<meta name=\"robots\" content=\"index, follow, max-snippet:-1, max-image-preview:large, max-video-preview:-1\" \/>\n<link rel=\"canonical\" href=\"https:\/\/www.va-q-tec.com\/en\/visitor-information\/\" \/>\n<meta property=\"og:locale\" content=\"en_US\" \/>\n<meta property=\"og:type\" content=\"article\" \/>\n<meta property=\"og:title\" content=\"Visitor information by car &amp; bus \u25ba va-Q-tec\" \/>\n<meta property=\"og:description\" content=\"You can find us here: Alfred-Nobel-Str. 33 -D-97080 W\u00fcrzburg \u25ba va-Q-tec \u25ba Let us advise you here! \u2705 We look forward to your visit!\" \/>\n<meta property=\"og:url\" content=\"https:\/\/www.va-q-tec.com\/en\/visitor-information\/\" \/>\n<meta property=\"og:site_name\" content=\"va-Q-tec\" \/>\n<meta property=\"article:modified_time\" content=\"2024-08-01T12:54:40+00:00\" \/>\n<meta name=\"twitter:card\" content=\"summary_large_image\" \/>\n<script type=\"application\/ld+json\" class=\"yoast-schema-graph\">{\"@context\":\"https:\/\/schema.org\",\"@graph\":[{\"@type\":\"WebPage\",\"@id\":\"https:\/\/www.va-q-tec.com\/en\/visitor-information\/\",\"url\":\"https:\/\/www.va-q-tec.com\/en\/visitor-information\/\",\"name\":\"Visitor information by car & bus \u25ba va-Q-tec\",\"isPartOf\":{\"@id\":\"https:\/\/www.va-q-tec.com\/en\/#website\"},\"datePublished\":\"2023-08-16T08:23:04+00:00\",\"dateModified\":\"2024-08-01T12:54:40+00:00\",\"description\":\"You can find us here: Alfred-Nobel-Str. 33 -D-97080 W\u00fcrzburg \u25ba va-Q-tec \u25ba Let us advise you here! \u2705 We look forward to your visit!\",\"breadcrumb\":{\"@id\":\"https:\/\/www.va-q-tec.com\/en\/visitor-information\/#breadcrumb\"},\"inLanguage\":\"en-US\",\"potentialAction\":[{\"@type\":\"ReadAction\",\"target\":[\"https:\/\/www.va-q-tec.com\/en\/visitor-information\/\"]}]},{\"@type\":\"BreadcrumbList\",\"@id\":\"https:\/\/www.va-q-tec.com\/en\/visitor-information\/#breadcrumb\",\"itemListElement\":[{\"@type\":\"ListItem\",\"position\":1,\"name\":\"Home\",\"item\":\"https:\/\/www.va-q-tec.com\/en\/\"},{\"@type\":\"ListItem\",\"position\":2,\"name\":\"Visitor Information\"}]},{\"@type\":\"WebSite\",\"@id\":\"https:\/\/www.va-q-tec.com\/en\/#website\",\"url\":\"https:\/\/www.va-q-tec.com\/en\/\",\"name\":\"va-Q-tec\",\"description\":\"We solve thermal Challenges\",\"publisher\":{\"@id\":\"https:\/\/www.va-q-tec.com\/en\/#organization\"},\"potentialAction\":[{\"@type\":\"SearchAction\",\"target\":{\"@type\":\"EntryPoint\",\"urlTemplate\":\"https:\/\/www.va-q-tec.com\/en\/?s={search_term_string}\"},\"query-input\":{\"@type\":\"PropertyValueSpecification\",\"valueRequired\":true,\"valueName\":\"search_term_string\"}}],\"inLanguage\":\"en-US\"},{\"@type\":\"Organization\",\"@id\":\"https:\/\/www.va-q-tec.com\/en\/#organization\",\"name\":\"va-Q-tec\",\"url\":\"https:\/\/www.va-q-tec.com\/en\/\",\"logo\":{\"@type\":\"ImageObject\",\"inLanguage\":\"en-US\",\"@id\":\"https:\/\/www.va-q-tec.com\/en\/#\/schema\/logo\/image\/\",\"url\":\"https:\/\/www.va-q-tec.com\/wp-content\/uploads\/va-Q-tec_Q_Logo_3c.png\",\"contentUrl\":\"https:\/\/www.va-q-tec.com\/wp-content\/uploads\/va-Q-tec_Q_Logo_3c.png\",\"width\":720,\"height\":720,\"caption\":\"va-Q-tec\"},\"image\":{\"@id\":\"https:\/\/www.va-q-tec.com\/en\/#\/schema\/logo\/image\/\"},\"sameAs\":[\"https:\/\/www.linkedin.com\/company\/va-q-tec\/\",\"https:\/\/www.instagram.com\/va_q_tec\/\",\"https:\/\/www.youtube.com\/channel\/UClLyKAwknuXYSg-SwFZfeSg\"]}]}<\/script>\n<!-- \/ Yoast SEO plugin. -->","yoast_head_json":{"title":"Visitor information by car & bus \u25ba va-Q-tec","description":"You can find us here: Alfred-Nobel-Str. 33 -D-97080 W\u00fcrzburg \u25ba va-Q-tec \u25ba Let us advise you here! \u2705 We look forward to your visit!","robots":{"index":"index","follow":"follow","max-snippet":"max-snippet:-1","max-image-preview":"max-image-preview:large","max-video-preview":"max-video-preview:-1"},"canonical":"https:\/\/www.va-q-tec.com\/en\/visitor-information\/","og_locale":"en_US","og_type":"article","og_title":"Visitor information by car & bus \u25ba va-Q-tec","og_description":"You can find us here: Alfred-Nobel-Str. 33 -D-97080 W\u00fcrzburg \u25ba va-Q-tec \u25ba Let us advise you here! \u2705 We look forward to your visit!","og_url":"https:\/\/www.va-q-tec.com\/en\/visitor-information\/","og_site_name":"va-Q-tec","article_modified_time":"2024-08-01T12:54:40+00:00","twitter_card":"summary_large_image","schema":{"@context":"https:\/\/schema.org","@graph":[{"@type":"WebPage","@id":"https:\/\/www.va-q-tec.com\/en\/visitor-information\/","url":"https:\/\/www.va-q-tec.com\/en\/visitor-information\/","name":"Visitor information by car & bus \u25ba va-Q-tec","isPartOf":{"@id":"https:\/\/www.va-q-tec.com\/en\/#website"},"datePublished":"2023-08-16T08:23:04+00:00","dateModified":"2024-08-01T12:54:40+00:00","description":"You can find us here: Alfred-Nobel-Str. 33 -D-97080 W\u00fcrzburg \u25ba va-Q-tec \u25ba Let us advise you here! \u2705 We look forward to your visit!","breadcrumb":{"@id":"https:\/\/www.va-q-tec.com\/en\/visitor-information\/#breadcrumb"},"inLanguage":"en-US","potentialAction":[{"@type":"ReadAction","target":["https:\/\/www.va-q-tec.com\/en\/visitor-information\/"]}]},{"@type":"BreadcrumbList","@id":"https:\/\/www.va-q-tec.com\/en\/visitor-information\/#breadcrumb","itemListElement":[{"@type":"ListItem","position":1,"name":"Home","item":"https:\/\/www.va-q-tec.com\/en\/"},{"@type":"ListItem","position":2,"name":"Visitor Information"}]},{"@type":"WebSite","@id":"https:\/\/www.va-q-tec.com\/en\/#website","url":"https:\/\/www.va-q-tec.com\/en\/","name":"va-Q-tec","description":"We solve thermal Challenges","publisher":{"@id":"https:\/\/www.va-q-tec.com\/en\/#organization"},"potentialAction":[{"@type":"SearchAction","target":{"@type":"EntryPoint","urlTemplate":"https:\/\/www.va-q-tec.com\/en\/?s={search_term_string}"},"query-input":{"@type":"PropertyValueSpecification","valueRequired":true,"valueName":"search_term_string"}}],"inLanguage":"en-US"},{"@type":"Organization","@id":"https:\/\/www.va-q-tec.com\/en\/#organization","name":"va-Q-tec","url":"https:\/\/www.va-q-tec.com\/en\/","logo":{"@type":"ImageObject","inLanguage":"en-US","@id":"https:\/\/www.va-q-tec.com\/en\/#\/schema\/logo\/image\/","url":"https:\/\/www.va-q-tec.com\/wp-content\/uploads\/va-Q-tec_Q_Logo_3c.png","contentUrl":"https:\/\/www.va-q-tec.com\/wp-content\/uploads\/va-Q-tec_Q_Logo_3c.png","width":720,"height":720,"caption":"va-Q-tec"},"image":{"@id":"https:\/\/www.va-q-tec.com\/en\/#\/schema\/logo\/image\/"},"sameAs":["https:\/\/www.linkedin.com\/company\/va-q-tec\/","https:\/\/www.instagram.com\/va_q_tec\/","https:\/\/www.youtube.com\/channel\/UClLyKAwknuXYSg-SwFZfeSg"]}]}},"_links":{"self":[{"href":"https:\/\/www.va-q-tec.com\/en\/wp-json\/wp\/v2\/pages\/29701","targetHints":{"allow":["GET"]}}],"collection":[{"href":"https:\/\/www.va-q-tec.com\/en\/wp-json\/wp\/v2\/pages"}],"about":[{"href":"https:\/\/www.va-q-tec.com\/en\/wp-json\/wp\/v2\/types\/page"}],"author":[{"embeddable":true,"href":"https:\/\/www.va-q-tec.com\/en\/wp-json\/wp\/v2\/users\/15"}],"replies":[{"embeddable":true,"href":"https:\/\/www.va-q-tec.com\/en\/wp-json\/wp\/v2\/comments?post=29701"}],"version-history":[{"count":34,"href":"https:\/\/www.va-q-tec.com\/en\/wp-json\/wp\/v2\/pages\/29701\/revisions"}],"predecessor-version":[{"id":59527,"href":"https:\/\/www.va-q-tec.com\/en\/wp-json\/wp\/v2\/pages\/29701\/revisions\/59527"}],"wp:attachment":[{"href":"https:\/\/www.va-q-tec.com\/en\/wp-json\/wp\/v2\/media?parent=29701"}],"curies":[{"name":"wp","href":"https:\/\/api.w.org\/{rel}","templated":true}]}}