{"id":23312,"date":"2023-07-24T14:03:53","date_gmt":"2023-07-24T14:03:53","guid":{"rendered":"https:\/\/www.va-q-tec.com\/?page_id=23312"},"modified":"2023-07-24T14:04:10","modified_gmt":"2023-07-24T14:04:10","slug":"webinar-produktvorstellung-va-q-shield-einzigartiger-brandschutz-und-super-warmedammung","status":"publish","type":"page","link":"https:\/\/www.va-q-tec.com\/en\/infocenter\/events\/webinars-on-demand\/webinar-produktvorstellung-va-q-shield-einzigartiger-brandschutz-und-super-warmedammung\/","title":{"rendered":"Webinar: Produktvorstellung va-Q-shield &#8211; einzigartiger Brandschutz und Super-W\u00e4rmed\u00e4mmung"},"content":{"rendered":"\n<div id=\"page-headline-block_64be42b76dc93\" class=\"widget widget-page-headline widget--space-before-medium widget--space-after-none\">\n            <div class=\"widget__header\">\n            <div class=\"container\">\n                <div class=\"title\">\n                                            <div class=\"topline\">\n                            <div class=\"breadcrumbs\">\n                <div class=\"container\">\n                    <div class=\"row\">\n                        <div class=\"breadcrumbs__items\">\n                            <div class=\"breadcrumbs__content\">\n                                <div class=\"breadcrumbs__item\"><\/div>\n                            <\/div>\n                        <\/div>\n                    <\/div>\n                <\/div>\n            <\/div>                        <\/div>\n                                                                <div class=\"headline\">\n                            <h2>Produktvorstellung va-Q-shield &#8211; einzigartiger Brandschutz und Super-W\u00e4rmed\u00e4mmung<br \/>\r\n<\/h2>\n                        <\/div>\n                                                        <\/div>\n            <\/div>\n        <\/div>\n    <\/div>\n\n\n\n<div id=\"headline-with-text-block_64be42c96dc94\" class=\"widget widget-headline-with-text theme-col theme-align-center widget--space-before-medium widget--space-after-none\">\n            <div class=\"widget__header\">\n            <div class=\"container\">\n                                    <div class=\"title\">\n                                                                            <div class=\"headline\">\n                                <h3 class=\"\">Webinar on demand<\/h3>\n                            <\/div>\n                                            <\/div>\n                                                    <div class=\"text text-medium\"><p>Ronald Ellebrecht (Head of Business Unit Construction)<\/p>\n<p>va-Q-tec hat seit 20 Jahren den Anspruch, mit seinen Produkten neben einer herausragenden D\u00e4mmleistung und einem nachhaltigen Produktionsprozess, die Gesundheit und Sicherheit unserer Mitmenschen zu gew\u00e4hrleisten. Nachdem Brandschutz im Bau immer mehr in den Fokus der \u00d6ffentlichkeit ger\u00e4t, freuen wir uns sehr, Ihnen mit va-Q-shield VIP C \u2013 eine neuartige Kombination aus einzigartigem Brandschutz und Super-W\u00e4rmed\u00e4mmung \u2013 vorzustellen.<\/p>\n<p>Dieses neuartige Vakuumisolationspaneel (VIP) erf\u00fcllt nicht nur h\u00f6chste Anspr\u00fcche an die D\u00e4mmleistung, sondern erstmalig die Brandklasse B-s1, d0 nach EN 13501-1, welches ohne die Verwendung weiterer Schutzschicht oder Kaschierung der Kategorie schwerentflammbar entspricht. Das eingesetzte Kernmaterial erf\u00fcllt dabei sogar die Brandklasse A nach EN 13501-1 \u2013 was bedeutet, dass es nicht brennbar ist. Die hervorragenden Produkteigenschaften erf\u00fcllen weiterhin die h\u00f6chsten Sicherheitsstandards hinsichtlich Rauchentwicklung und brennendem Abtropfen.<\/p>\n<\/div>\n                            <\/div>\n        <\/div>\n        <\/div>\n\n\n\n<div id=\"video-block_64be4b351319e\" class=\"widget widget-video widget--space-before-medium widget--space-after-medium\">\n    <div class=\"widget__middle\">\n        <div class=\"container\">\n\n            <div class=\"video\">\n                <iframe src=\"https:\/\/www.youtube-nocookie.com\/embed\/pAkKDkZkpxA?feature=oembed&amp;autoplay=0&amp;rel=0&amp;controls=1&amp;showinfo=0&amp;mute=0&amp;wmode=opaque\" allowfullscreen><\/iframe>            <\/div>\n\n        <\/div>\n    <\/div>\n<\/div>\n","protected":false},"excerpt":{"rendered":"","protected":false},"author":15,"featured_media":0,"parent":22994,"menu_order":0,"comment_status":"closed","ping_status":"closed","template":"","meta":{"_acf_changed":false,"footnotes":""},"class_list":["post-23312","page","type-page","status-publish","hentry"],"acf":[],"yoast_head":"<!-- This site is optimized with the Yoast SEO plugin v25.7 - https:\/\/yoast.com\/wordpress\/plugins\/seo\/ -->\n<title>Webinar: Produktvorstellung va-Q-shield - einzigartiger Brandschutz und Super-W\u00e4rmed\u00e4mmung - va-Q-tec<\/title>\n<meta name=\"robots\" content=\"index, follow, max-snippet:-1, max-image-preview:large, max-video-preview:-1\" \/>\n<link rel=\"canonical\" href=\"https:\/\/www.va-q-tec.com\/en\/infocenter\/events\/webinars-on-demand\/webinar-produktvorstellung-va-q-shield-einzigartiger-brandschutz-und-super-warmedammung\/\" \/>\n<meta property=\"og:locale\" content=\"en_US\" \/>\n<meta property=\"og:type\" content=\"article\" \/>\n<meta property=\"og:title\" content=\"Webinar: Produktvorstellung va-Q-shield - einzigartiger Brandschutz und Super-W\u00e4rmed\u00e4mmung - va-Q-tec\" \/>\n<meta property=\"og:url\" content=\"https:\/\/www.va-q-tec.com\/en\/infocenter\/events\/webinars-on-demand\/webinar-produktvorstellung-va-q-shield-einzigartiger-brandschutz-und-super-warmedammung\/\" \/>\n<meta property=\"og:site_name\" content=\"va-Q-tec\" \/>\n<meta property=\"article:modified_time\" content=\"2023-07-24T14:04:10+00:00\" \/>\n<meta name=\"twitter:card\" content=\"summary_large_image\" \/>\n<script type=\"application\/ld+json\" class=\"yoast-schema-graph\">{\"@context\":\"https:\/\/schema.org\",\"@graph\":[{\"@type\":\"WebPage\",\"@id\":\"https:\/\/www.va-q-tec.com\/en\/infocenter\/events\/webinars-on-demand\/webinar-produktvorstellung-va-q-shield-einzigartiger-brandschutz-und-super-warmedammung\/\",\"url\":\"https:\/\/www.va-q-tec.com\/en\/infocenter\/events\/webinars-on-demand\/webinar-produktvorstellung-va-q-shield-einzigartiger-brandschutz-und-super-warmedammung\/\",\"name\":\"Webinar: Produktvorstellung va-Q-shield - einzigartiger Brandschutz und Super-W\u00e4rmed\u00e4mmung - va-Q-tec\",\"isPartOf\":{\"@id\":\"https:\/\/www.va-q-tec.com\/en\/#website\"},\"datePublished\":\"2023-07-24T14:03:53+00:00\",\"dateModified\":\"2023-07-24T14:04:10+00:00\",\"breadcrumb\":{\"@id\":\"https:\/\/www.va-q-tec.com\/en\/infocenter\/events\/webinars-on-demand\/webinar-produktvorstellung-va-q-shield-einzigartiger-brandschutz-und-super-warmedammung\/#breadcrumb\"},\"inLanguage\":\"en-US\",\"potentialAction\":[{\"@type\":\"ReadAction\",\"target\":[\"https:\/\/www.va-q-tec.com\/en\/infocenter\/events\/webinars-on-demand\/webinar-produktvorstellung-va-q-shield-einzigartiger-brandschutz-und-super-warmedammung\/\"]}]},{\"@type\":\"BreadcrumbList\",\"@id\":\"https:\/\/www.va-q-tec.com\/en\/infocenter\/events\/webinars-on-demand\/webinar-produktvorstellung-va-q-shield-einzigartiger-brandschutz-und-super-warmedammung\/#breadcrumb\",\"itemListElement\":[{\"@type\":\"ListItem\",\"position\":1,\"name\":\"Home\",\"item\":\"https:\/\/www.va-q-tec.com\/en\/\"},{\"@type\":\"ListItem\",\"position\":2,\"name\":\"Infocenter\",\"item\":\"https:\/\/www.va-q-tec.com\/en\/infocenter\/\"},{\"@type\":\"ListItem\",\"position\":3,\"name\":\"Events\",\"item\":\"https:\/\/www.va-q-tec.com\/en\/infocenter\/events\/\"},{\"@type\":\"ListItem\",\"position\":4,\"name\":\"Webinars on demand\",\"item\":\"https:\/\/www.va-q-tec.com\/en\/infocenter\/events\/webinars-on-demand\/\"},{\"@type\":\"ListItem\",\"position\":5,\"name\":\"Webinar: Produktvorstellung va-Q-shield &#8211; einzigartiger Brandschutz und Super-W\u00e4rmed\u00e4mmung\"}]},{\"@type\":\"WebSite\",\"@id\":\"https:\/\/www.va-q-tec.com\/en\/#website\",\"url\":\"https:\/\/www.va-q-tec.com\/en\/\",\"name\":\"va-Q-tec\",\"description\":\"We solve thermal Challenges\",\"publisher\":{\"@id\":\"https:\/\/www.va-q-tec.com\/en\/#organization\"},\"potentialAction\":[{\"@type\":\"SearchAction\",\"target\":{\"@type\":\"EntryPoint\",\"urlTemplate\":\"https:\/\/www.va-q-tec.com\/en\/?s={search_term_string}\"},\"query-input\":{\"@type\":\"PropertyValueSpecification\",\"valueRequired\":true,\"valueName\":\"search_term_string\"}}],\"inLanguage\":\"en-US\"},{\"@type\":\"Organization\",\"@id\":\"https:\/\/www.va-q-tec.com\/en\/#organization\",\"name\":\"va-Q-tec\",\"url\":\"https:\/\/www.va-q-tec.com\/en\/\",\"logo\":{\"@type\":\"ImageObject\",\"inLanguage\":\"en-US\",\"@id\":\"https:\/\/www.va-q-tec.com\/en\/#\/schema\/logo\/image\/\",\"url\":\"https:\/\/www.va-q-tec.com\/wp-content\/uploads\/va-Q-tec_Q_Logo_3c.png\",\"contentUrl\":\"https:\/\/www.va-q-tec.com\/wp-content\/uploads\/va-Q-tec_Q_Logo_3c.png\",\"width\":720,\"height\":720,\"caption\":\"va-Q-tec\"},\"image\":{\"@id\":\"https:\/\/www.va-q-tec.com\/en\/#\/schema\/logo\/image\/\"},\"sameAs\":[\"https:\/\/www.linkedin.com\/company\/va-q-tec\/\",\"https:\/\/www.instagram.com\/va_q_tec\/\",\"https:\/\/www.youtube.com\/channel\/UClLyKAwknuXYSg-SwFZfeSg\"]}]}<\/script>\n<!-- \/ Yoast SEO plugin. -->","yoast_head_json":{"title":"Webinar: Produktvorstellung va-Q-shield - einzigartiger Brandschutz und Super-W\u00e4rmed\u00e4mmung - va-Q-tec","robots":{"index":"index","follow":"follow","max-snippet":"max-snippet:-1","max-image-preview":"max-image-preview:large","max-video-preview":"max-video-preview:-1"},"canonical":"https:\/\/www.va-q-tec.com\/en\/infocenter\/events\/webinars-on-demand\/webinar-produktvorstellung-va-q-shield-einzigartiger-brandschutz-und-super-warmedammung\/","og_locale":"en_US","og_type":"article","og_title":"Webinar: Produktvorstellung va-Q-shield - einzigartiger Brandschutz und Super-W\u00e4rmed\u00e4mmung - va-Q-tec","og_url":"https:\/\/www.va-q-tec.com\/en\/infocenter\/events\/webinars-on-demand\/webinar-produktvorstellung-va-q-shield-einzigartiger-brandschutz-und-super-warmedammung\/","og_site_name":"va-Q-tec","article_modified_time":"2023-07-24T14:04:10+00:00","twitter_card":"summary_large_image","schema":{"@context":"https:\/\/schema.org","@graph":[{"@type":"WebPage","@id":"https:\/\/www.va-q-tec.com\/en\/infocenter\/events\/webinars-on-demand\/webinar-produktvorstellung-va-q-shield-einzigartiger-brandschutz-und-super-warmedammung\/","url":"https:\/\/www.va-q-tec.com\/en\/infocenter\/events\/webinars-on-demand\/webinar-produktvorstellung-va-q-shield-einzigartiger-brandschutz-und-super-warmedammung\/","name":"Webinar: Produktvorstellung va-Q-shield - einzigartiger Brandschutz und Super-W\u00e4rmed\u00e4mmung - va-Q-tec","isPartOf":{"@id":"https:\/\/www.va-q-tec.com\/en\/#website"},"datePublished":"2023-07-24T14:03:53+00:00","dateModified":"2023-07-24T14:04:10+00:00","breadcrumb":{"@id":"https:\/\/www.va-q-tec.com\/en\/infocenter\/events\/webinars-on-demand\/webinar-produktvorstellung-va-q-shield-einzigartiger-brandschutz-und-super-warmedammung\/#breadcrumb"},"inLanguage":"en-US","potentialAction":[{"@type":"ReadAction","target":["https:\/\/www.va-q-tec.com\/en\/infocenter\/events\/webinars-on-demand\/webinar-produktvorstellung-va-q-shield-einzigartiger-brandschutz-und-super-warmedammung\/"]}]},{"@type":"BreadcrumbList","@id":"https:\/\/www.va-q-tec.com\/en\/infocenter\/events\/webinars-on-demand\/webinar-produktvorstellung-va-q-shield-einzigartiger-brandschutz-und-super-warmedammung\/#breadcrumb","itemListElement":[{"@type":"ListItem","position":1,"name":"Home","item":"https:\/\/www.va-q-tec.com\/en\/"},{"@type":"ListItem","position":2,"name":"Infocenter","item":"https:\/\/www.va-q-tec.com\/en\/infocenter\/"},{"@type":"ListItem","position":3,"name":"Events","item":"https:\/\/www.va-q-tec.com\/en\/infocenter\/events\/"},{"@type":"ListItem","position":4,"name":"Webinars on demand","item":"https:\/\/www.va-q-tec.com\/en\/infocenter\/events\/webinars-on-demand\/"},{"@type":"ListItem","position":5,"name":"Webinar: Produktvorstellung va-Q-shield &#8211; einzigartiger Brandschutz und Super-W\u00e4rmed\u00e4mmung"}]},{"@type":"WebSite","@id":"https:\/\/www.va-q-tec.com\/en\/#website","url":"https:\/\/www.va-q-tec.com\/en\/","name":"va-Q-tec","description":"We solve thermal Challenges","publisher":{"@id":"https:\/\/www.va-q-tec.com\/en\/#organization"},"potentialAction":[{"@type":"SearchAction","target":{"@type":"EntryPoint","urlTemplate":"https:\/\/www.va-q-tec.com\/en\/?s={search_term_string}"},"query-input":{"@type":"PropertyValueSpecification","valueRequired":true,"valueName":"search_term_string"}}],"inLanguage":"en-US"},{"@type":"Organization","@id":"https:\/\/www.va-q-tec.com\/en\/#organization","name":"va-Q-tec","url":"https:\/\/www.va-q-tec.com\/en\/","logo":{"@type":"ImageObject","inLanguage":"en-US","@id":"https:\/\/www.va-q-tec.com\/en\/#\/schema\/logo\/image\/","url":"https:\/\/www.va-q-tec.com\/wp-content\/uploads\/va-Q-tec_Q_Logo_3c.png","contentUrl":"https:\/\/www.va-q-tec.com\/wp-content\/uploads\/va-Q-tec_Q_Logo_3c.png","width":720,"height":720,"caption":"va-Q-tec"},"image":{"@id":"https:\/\/www.va-q-tec.com\/en\/#\/schema\/logo\/image\/"},"sameAs":["https:\/\/www.linkedin.com\/company\/va-q-tec\/","https:\/\/www.instagram.com\/va_q_tec\/","https:\/\/www.youtube.com\/channel\/UClLyKAwknuXYSg-SwFZfeSg"]}]}},"_links":{"self":[{"href":"https:\/\/www.va-q-tec.com\/en\/wp-json\/wp\/v2\/pages\/23312","targetHints":{"allow":["GET"]}}],"collection":[{"href":"https:\/\/www.va-q-tec.com\/en\/wp-json\/wp\/v2\/pages"}],"about":[{"href":"https:\/\/www.va-q-tec.com\/en\/wp-json\/wp\/v2\/types\/page"}],"author":[{"embeddable":true,"href":"https:\/\/www.va-q-tec.com\/en\/wp-json\/wp\/v2\/users\/15"}],"replies":[{"embeddable":true,"href":"https:\/\/www.va-q-tec.com\/en\/wp-json\/wp\/v2\/comments?post=23312"}],"version-history":[{"count":4,"href":"https:\/\/www.va-q-tec.com\/en\/wp-json\/wp\/v2\/pages\/23312\/revisions"}],"predecessor-version":[{"id":23316,"href":"https:\/\/www.va-q-tec.com\/en\/wp-json\/wp\/v2\/pages\/23312\/revisions\/23316"}],"up":[{"embeddable":true,"href":"https:\/\/www.va-q-tec.com\/en\/wp-json\/wp\/v2\/pages\/22994"}],"wp:attachment":[{"href":"https:\/\/www.va-q-tec.com\/en\/wp-json\/wp\/v2\/media?parent=23312"}],"curies":[{"name":"wp","href":"https:\/\/api.w.org\/{rel}","templated":true}]}}