{"id":20329,"date":"2023-07-14T06:01:15","date_gmt":"2023-07-14T06:01:15","guid":{"rendered":"https:\/\/www.va-q-tec.com\/?page_id=20329"},"modified":"2025-09-23T09:59:33","modified_gmt":"2025-09-23T08:59:33","slug":"application-examples-for-last-mile-pharma","status":"publish","type":"page","link":"https:\/\/www.va-q-tec.com\/en\/business-areas\/last-mile-pharma\/application-examples-for-last-mile-pharma\/","title":{"rendered":"Application examples for Last Mile Pharma"},"content":{"rendered":"\n<div id=\"page-headline-block_5e6d3b3d4f0ec255a9896c8b1da63472\" class=\"widget widget-page-headline widget--space-before-medium widget--space-after-none\">\n            <div class=\"widget__header\">\n            <div class=\"container\">\n                <div class=\"title\">\n                                            <div class=\"topline\">\n                            <div class=\"breadcrumbs\">\n                <div class=\"container\">\n                    <div class=\"row\">\n                        <div class=\"breadcrumbs__items\">\n                            <div class=\"breadcrumbs__content\">\n                                <div class=\"breadcrumbs__item\"><\/div>\n                            <\/div>\n                        <\/div>\n                    <\/div>\n                <\/div>\n            <\/div>                        <\/div>\n                                                                <div class=\"headline\">\n                            <h1>Application examples<\/h1>\n                        <\/div>\n                                                        <\/div>\n            <\/div>\n        <\/div>\n    <\/div>\n\n\n\n    <div id=\"teaser-with-image-block_5d3f7eab5239cf743af561bc11eebb3a\" class=\"widget widget-teaser-with-image image-right image-first vertical-top widget--space-before-medium widget--space-after-none\">\n        <div class=\"container\">\n            <div class=\"widget__header\">\n                                    <div class=\"title\">\n                        <div class=\"headline\">\n                            <h2>\n                                                                Case study ASML                            <\/h2>\n                        <\/div>\n                    <\/div>\n                                                    <div class=\"text text-medium\"><p>ASML ist einer der weltweit f\u00fchrenden Zulieferer der Halbleiterindustrie und stellt Maschinen her, die zur Herstellung von integrierten Schaltkreisen oder Mikrochips verwendet werden. Teile dieser Maschinen sind sehr temperaturempfindlich.<\/p>\n<\/div>\n                                                    <a class=\"button clear-blue\" href=\"\/geschaeftsfelder\/healthcare-logistics\/anwendungsbeispiele-fuer-hl\/case-study-asml\/\"\n                        target=\"_self\">\n                        <span>mehr informationen<\/span>\n                        <i class=\"icon-arrow-right\"><\/i>                    <\/a>\n                            <\/div>\n            <div class=\"widget__middle\">\n                                    <div class=\"teaser\">\n                        <div class=\"outer\">\n                            <img loading=\"lazy\" decoding=\"async\" width=\"570\" height=\"428\" src=\"https:\/\/www.va-q-tec.com\/wp-content\/uploads\/HQF_ASML_Twinscan.jpg\" class=\"attachment-large size-large\" alt=\"\" srcset=\"https:\/\/www.va-q-tec.com\/wp-content\/uploads\/HQF_ASML_Twinscan.jpg 570w, https:\/\/www.va-q-tec.com\/wp-content\/uploads\/HQF_ASML_Twinscan-300x225.jpg 300w, https:\/\/www.va-q-tec.com\/wp-content\/uploads\/HQF_ASML_Twinscan-480x360.jpg 480w, https:\/\/www.va-q-tec.com\/wp-content\/uploads\/HQF_ASML_Twinscan-200x150.jpg 200w\" sizes=\"auto, (max-width: 570px) 100vw, 570px\" \/>                        <\/div>\n                    <\/div>\n                                                    <a class=\"button clear-blue\" href=\"\/geschaeftsfelder\/healthcare-logistics\/anwendungsbeispiele-fuer-hl\/case-study-asml\/\"\n                        target=\"_self\">\n                        <span>mehr informationen<\/span>\n                        <i class=\"icon-arrow-right\"><\/i>                    <\/a>\n                            <\/div>\n        <\/div>\n    <\/div>\n\n\n\n    <div id=\"teaser-with-image-block_7911d13febf89891885c65221e35b63e\" class=\"widget widget-teaser-with-image image-left image-first vertical-top widget--space-before-medium widget--space-after-none\">\n        <div class=\"container\">\n            <div class=\"widget__header\">\n                                    <div class=\"title\">\n                        <div class=\"headline\">\n                            <h2>\n                                                                Case study kohlpharma                            <\/h2>\n                        <\/div>\n                    <\/div>\n                                                    <div class=\"text text-medium\"><p>Die va-Q-tec Thermal Solutions GmbH hat im Gesch\u00e4ftsjahr 2019 einen strategisch wichtigen Gro\u00dfauftrag von kohlpharma f\u00fcr eine Flotte von Thermotransportsystemen erhalten. kohlpharma ist einer der gr\u00f6\u00dften Importeure von patentgesch\u00fctzten und verschreibungspflichtigen Medikamenten in Europa und langj\u00e4hriger Marktf\u00fchrer in Deutschland.<\/p>\n<\/div>\n                                                    <a class=\"button clear-blue\" href=\"\/geschaeftsfelder\/healthcare-logistics\/anwendungsbeispiele-fuer-hl\/case-study-kohlpharma\/\"\n                        target=\"_self\">\n                        <span>mehr informationen<\/span>\n                        <i class=\"icon-arrow-right\"><\/i>                    <\/a>\n                            <\/div>\n            <div class=\"widget__middle\">\n                                    <div class=\"teaser\">\n                        <div class=\"outer\">\n                            <img loading=\"lazy\" decoding=\"async\" width=\"570\" height=\"428\" src=\"https:\/\/www.va-q-tec.com\/wp-content\/uploads\/HQF_Case_Study_kohppharma.jpg\" class=\"attachment-large size-large\" alt=\"\" srcset=\"https:\/\/www.va-q-tec.com\/wp-content\/uploads\/HQF_Case_Study_kohppharma.jpg 570w, https:\/\/www.va-q-tec.com\/wp-content\/uploads\/HQF_Case_Study_kohppharma-300x225.jpg 300w, https:\/\/www.va-q-tec.com\/wp-content\/uploads\/HQF_Case_Study_kohppharma-480x360.jpg 480w, https:\/\/www.va-q-tec.com\/wp-content\/uploads\/HQF_Case_Study_kohppharma-200x150.jpg 200w\" sizes=\"auto, (max-width: 570px) 100vw, 570px\" \/>                        <\/div>\n                    <\/div>\n                                                    <a class=\"button clear-blue\" href=\"\/geschaeftsfelder\/healthcare-logistics\/anwendungsbeispiele-fuer-hl\/case-study-kohlpharma\/\"\n                        target=\"_self\">\n                        <span>mehr informationen<\/span>\n                        <i class=\"icon-arrow-right\"><\/i>                    <\/a>\n                            <\/div>\n        <\/div>\n    <\/div>\n\n\n\n    <div id=\"teaser-with-image-block_e1afc5bed7218de7d233e62258b14cd4\" class=\"widget widget-teaser-with-image image-right image-first vertical-top widget--space-before-medium widget--space-after-none\">\n        <div class=\"container\">\n            <div class=\"widget__header\">\n                                    <div class=\"title\">\n                        <div class=\"headline\">\n                            <h2>\n                                                                Covid-19 Impfstoff-Distribution                            <\/h2>\n                        <\/div>\n                    <\/div>\n                                                    <div class=\"text text-medium\"><p>In collaboration with the government of Uruguay, va-Q-tec\u2019s innovative boxes and services support vaccine delivery there \u2013 even in remote regions. va-Q-tec also makes a major contribution to the distribution of vaccines in Germany. Mobile vaccination teams are supplied with vaccine with the help of the innovative boxes and services.<\/p>\n<\/div>\n                                                    <a class=\"button clear-blue\" href=\"\/geschaeftsfelder\/healthcare-logistics\/anwendungsbeispiele-fuer-hl\/impfstoff-distribution-auf-der-letzten-meile\/\"\n                        target=\"_self\">\n                        <span>mehr informationen<\/span>\n                        <i class=\"icon-arrow-right\"><\/i>                    <\/a>\n                            <\/div>\n            <div class=\"widget__middle\">\n                                    <div class=\"teaser\">\n                        <div class=\"outer\">\n                            <img loading=\"lazy\" decoding=\"async\" width=\"570\" height=\"428\" src=\"https:\/\/www.va-q-tec.com\/wp-content\/uploads\/HQF_Corona_Uruguay.jpg\" class=\"attachment-large size-large\" alt=\"\" srcset=\"https:\/\/www.va-q-tec.com\/wp-content\/uploads\/HQF_Corona_Uruguay.jpg 570w, https:\/\/www.va-q-tec.com\/wp-content\/uploads\/HQF_Corona_Uruguay-300x225.jpg 300w, https:\/\/www.va-q-tec.com\/wp-content\/uploads\/HQF_Corona_Uruguay-480x360.jpg 480w, https:\/\/www.va-q-tec.com\/wp-content\/uploads\/HQF_Corona_Uruguay-200x150.jpg 200w\" sizes=\"auto, (max-width: 570px) 100vw, 570px\" \/>                        <\/div>\n                    <\/div>\n                                                    <a class=\"button clear-blue\" href=\"\/geschaeftsfelder\/healthcare-logistics\/anwendungsbeispiele-fuer-hl\/impfstoff-distribution-auf-der-letzten-meile\/\"\n                        target=\"_self\">\n                        <span>mehr informationen<\/span>\n                        <i class=\"icon-arrow-right\"><\/i>                    <\/a>\n                            <\/div>\n        <\/div>\n    <\/div>\n\n\n\n    <div id=\"teaser-with-image-block_41e9315225f5348ec99ba85bdc94a33d\" class=\"widget widget-teaser-with-image image-left image-first vertical-top widget--space-before-medium widget--space-after-none\">\n        <div class=\"container\">\n            <div class=\"widget__header\">\n                                    <div class=\"title\">\n                        <div class=\"headline\">\n                            <h3>\n                                                                Merck KGaG \/ Germany                            <\/h3>\n                        <\/div>\n                    <\/div>\n                                                    <div class=\"text text-medium\"><p>\u00dcber 200.000 Versendungen von Biotechnologieprodukten weltweit<\/p>\n<p><strong>Erf\u00fcllte Entwicklungsziele:<\/strong><\/p>\n<ul>\n<li>Komponenten: EPS-H\u00fclle, Vakuumd\u00e4mmplatte, k\u00fchlende Elemente<\/li>\n<li>Vereinfachtes Handling und geringe Risiken<\/li>\n<li>Eine Konfiguration f\u00fcr alle Jahreszeiten<\/li>\n<\/ul>\n<\/div>\n                                            <\/div>\n            <div class=\"widget__middle\">\n                                    <div class=\"teaser\">\n                        <div class=\"outer\">\n                            <img loading=\"lazy\" decoding=\"async\" width=\"570\" height=\"428\" src=\"https:\/\/www.va-q-tec.com\/wp-content\/uploads\/HQF_Merck.jpg\" class=\"attachment-large size-large\" alt=\"\" srcset=\"https:\/\/www.va-q-tec.com\/wp-content\/uploads\/HQF_Merck.jpg 570w, https:\/\/www.va-q-tec.com\/wp-content\/uploads\/HQF_Merck-300x225.jpg 300w, https:\/\/www.va-q-tec.com\/wp-content\/uploads\/HQF_Merck-480x360.jpg 480w, https:\/\/www.va-q-tec.com\/wp-content\/uploads\/HQF_Merck-200x150.jpg 200w\" sizes=\"auto, (max-width: 570px) 100vw, 570px\" \/>                        <\/div>\n                    <\/div>\n                                            <\/div>\n        <\/div>\n    <\/div>\n\n\n\n    <div id=\"teaser-with-image-block_b6545605555fb52c4ba1ff1eac4b01ad\" class=\"widget widget-teaser-with-image image-right image-first vertical-top widget--space-before-medium widget--space-after-none\">\n        <div class=\"container\">\n            <div class=\"widget__header\">\n                                    <div class=\"title\">\n                        <div class=\"headline\">\n                            <h3>\n                                                                The National Health Service (NHS) \/ United Kingdom                            <\/h3>\n                        <\/div>\n                    <\/div>\n                                                    <div class=\"text text-medium\"><p>Temperaturgef\u00fchrter Transport von Blutbestandteilen (rote Blutk\u00f6rperchen, Thrombozytenkonzentrat, etc.) des National Blood Service in England<\/p>\n<p><strong>Erf\u00fcllte Entwicklungsziele:<\/strong><\/p>\n<ul>\n<li>Au\u00dfentasche f\u00fcr besseres Handling (Zugriff-Sicherung und Erf\u00fcllung von Arbeitsschutzbestimmungen, R\u00fcckverfolgbarkeit)<\/li>\n<li>Thermische Stabilit\u00e4t gem\u00e4\u00df GDP Vorgaben (Good Distribution Practice)<\/li>\n<li>Mechanische Stabilit\u00e4t und Wiederverwendbarkeit f\u00fcr viele hundert Transporte<\/li>\n<\/ul>\n<\/div>\n                                            <\/div>\n            <div class=\"widget__middle\">\n                                    <div class=\"teaser\">\n                        <div class=\"outer\">\n                            <img loading=\"lazy\" decoding=\"async\" width=\"570\" height=\"428\" src=\"https:\/\/www.va-q-tec.com\/wp-content\/uploads\/HQF_NHS.jpg\" class=\"attachment-large size-large\" alt=\"\" srcset=\"https:\/\/www.va-q-tec.com\/wp-content\/uploads\/HQF_NHS.jpg 570w, https:\/\/www.va-q-tec.com\/wp-content\/uploads\/HQF_NHS-300x225.jpg 300w, https:\/\/www.va-q-tec.com\/wp-content\/uploads\/HQF_NHS-480x360.jpg 480w, https:\/\/www.va-q-tec.com\/wp-content\/uploads\/HQF_NHS-200x150.jpg 200w\" sizes=\"auto, (max-width: 570px) 100vw, 570px\" \/>                        <\/div>\n                    <\/div>\n                                            <\/div>\n        <\/div>\n    <\/div>\n\n\n\n    <div id=\"teaser-with-image-block_f3e6e08f552ab2f91de7e4a73474edb2\" class=\"widget widget-teaser-with-image image-left image-first vertical-top widget--space-before-medium widget--space-after-medium\">\n        <div class=\"container\">\n            <div class=\"widget__header\">\n                                    <div class=\"title\">\n                        <div class=\"headline\">\n                            <h3>\n                                                                F.Hoffmann \u2013 La Roche                            <\/h3>\n                        <\/div>\n                    <\/div>\n                                                    <div class=\"text text-medium\"><p>Transport von klinischen Proben (2\u00b0C\u20268\u00b0C, 72hrs, IMP Transport)<\/p>\n<p><strong>Erf\u00fcllte Entwicklungsziele:<\/strong><\/p>\n<ul>\n<li>3 Gr\u00f6\u00dfen: 8 Liter, 12 Liter und 24 Liter<\/li>\n<li>Einfaches Handling<\/li>\n<li>Robust und geringes Gewicht<\/li>\n<\/ul>\n<\/div>\n                                            <\/div>\n            <div class=\"widget__middle\">\n                                    <div class=\"teaser\">\n                        <div class=\"outer\">\n                            <img loading=\"lazy\" decoding=\"async\" width=\"570\" height=\"428\" src=\"https:\/\/www.va-q-tec.com\/wp-content\/uploads\/HQF_Roche.jpg\" class=\"attachment-large size-large\" alt=\"\" srcset=\"https:\/\/www.va-q-tec.com\/wp-content\/uploads\/HQF_Roche.jpg 570w, https:\/\/www.va-q-tec.com\/wp-content\/uploads\/HQF_Roche-300x225.jpg 300w, https:\/\/www.va-q-tec.com\/wp-content\/uploads\/HQF_Roche-480x360.jpg 480w, https:\/\/www.va-q-tec.com\/wp-content\/uploads\/HQF_Roche-200x150.jpg 200w\" sizes=\"auto, (max-width: 570px) 100vw, 570px\" \/>                        <\/div>\n                    <\/div>\n                                            <\/div>\n        <\/div>\n    <\/div>\n","protected":false},"excerpt":{"rendered":"","protected":false},"author":15,"featured_media":0,"parent":60625,"menu_order":0,"comment_status":"closed","ping_status":"closed","template":"","meta":{"_acf_changed":false,"footnotes":""},"class_list":["post-20329","page","type-page","status-publish","hentry"],"acf":[],"yoast_head":"<!-- This site is optimized with the Yoast SEO plugin v25.7 - https:\/\/yoast.com\/wordpress\/plugins\/seo\/ -->\n<title>Application examples for healthcare &amp; logistics \u25ba va-Q-tec<\/title>\n<meta name=\"description\" content=\"Successful examples of temperature-controlled transportation \u25ba va-Q-tec \u2705 Get to know the advantages of our vacuum-insulated transport boxes &amp; containers!\" \/>\n<meta name=\"robots\" content=\"index, follow, max-snippet:-1, max-image-preview:large, max-video-preview:-1\" \/>\n<link rel=\"canonical\" href=\"https:\/\/www.va-q-tec.com\/en\/business-areas\/last-mile-pharma\/application-examples-for-last-mile-pharma\/\" \/>\n<meta property=\"og:locale\" content=\"en_US\" \/>\n<meta property=\"og:type\" content=\"article\" \/>\n<meta property=\"og:title\" content=\"Application examples for healthcare &amp; logistics \u25ba va-Q-tec\" \/>\n<meta property=\"og:description\" content=\"Successful examples of temperature-controlled transportation \u25ba va-Q-tec \u2705 Get to know the advantages of our vacuum-insulated transport boxes &amp; containers!\" \/>\n<meta property=\"og:url\" content=\"https:\/\/www.va-q-tec.com\/en\/business-areas\/last-mile-pharma\/application-examples-for-last-mile-pharma\/\" \/>\n<meta property=\"og:site_name\" content=\"va-Q-tec\" \/>\n<meta property=\"article:modified_time\" content=\"2025-09-23T08:59:33+00:00\" \/>\n<meta name=\"twitter:card\" content=\"summary_large_image\" \/>\n<script type=\"application\/ld+json\" class=\"yoast-schema-graph\">{\"@context\":\"https:\/\/schema.org\",\"@graph\":[{\"@type\":\"WebPage\",\"@id\":\"https:\/\/www.va-q-tec.com\/en\/business-areas\/last-mile-pharma\/application-examples-for-last-mile-pharma\/\",\"url\":\"https:\/\/www.va-q-tec.com\/en\/business-areas\/last-mile-pharma\/application-examples-for-last-mile-pharma\/\",\"name\":\"Application examples for healthcare & logistics \u25ba va-Q-tec\",\"isPartOf\":{\"@id\":\"https:\/\/www.va-q-tec.com\/en\/#website\"},\"datePublished\":\"2023-07-14T06:01:15+00:00\",\"dateModified\":\"2025-09-23T08:59:33+00:00\",\"description\":\"Successful examples of temperature-controlled transportation \u25ba va-Q-tec \u2705 Get to know the advantages of our vacuum-insulated transport boxes & containers!\",\"breadcrumb\":{\"@id\":\"https:\/\/www.va-q-tec.com\/en\/business-areas\/last-mile-pharma\/application-examples-for-last-mile-pharma\/#breadcrumb\"},\"inLanguage\":\"en-US\",\"potentialAction\":[{\"@type\":\"ReadAction\",\"target\":[\"https:\/\/www.va-q-tec.com\/en\/business-areas\/last-mile-pharma\/application-examples-for-last-mile-pharma\/\"]}]},{\"@type\":\"BreadcrumbList\",\"@id\":\"https:\/\/www.va-q-tec.com\/en\/business-areas\/last-mile-pharma\/application-examples-for-last-mile-pharma\/#breadcrumb\",\"itemListElement\":[{\"@type\":\"ListItem\",\"position\":1,\"name\":\"Home\",\"item\":\"https:\/\/www.va-q-tec.com\/en\/\"},{\"@type\":\"ListItem\",\"position\":2,\"name\":\"Business Areas\",\"item\":\"https:\/\/www.va-q-tec.com\/en\/business-areas\/\"},{\"@type\":\"ListItem\",\"position\":3,\"name\":\"Last Mile Pharma\",\"item\":\"https:\/\/www.va-q-tec.com\/en\/business-areas\/last-mile-pharma\/\"},{\"@type\":\"ListItem\",\"position\":4,\"name\":\"Application examples for Last Mile Pharma\"}]},{\"@type\":\"WebSite\",\"@id\":\"https:\/\/www.va-q-tec.com\/en\/#website\",\"url\":\"https:\/\/www.va-q-tec.com\/en\/\",\"name\":\"va-Q-tec\",\"description\":\"We solve thermal Challenges\",\"publisher\":{\"@id\":\"https:\/\/www.va-q-tec.com\/en\/#organization\"},\"potentialAction\":[{\"@type\":\"SearchAction\",\"target\":{\"@type\":\"EntryPoint\",\"urlTemplate\":\"https:\/\/www.va-q-tec.com\/en\/?s={search_term_string}\"},\"query-input\":{\"@type\":\"PropertyValueSpecification\",\"valueRequired\":true,\"valueName\":\"search_term_string\"}}],\"inLanguage\":\"en-US\"},{\"@type\":\"Organization\",\"@id\":\"https:\/\/www.va-q-tec.com\/en\/#organization\",\"name\":\"va-Q-tec\",\"url\":\"https:\/\/www.va-q-tec.com\/en\/\",\"logo\":{\"@type\":\"ImageObject\",\"inLanguage\":\"en-US\",\"@id\":\"https:\/\/www.va-q-tec.com\/en\/#\/schema\/logo\/image\/\",\"url\":\"https:\/\/www.va-q-tec.com\/wp-content\/uploads\/va-Q-tec_Q_Logo_3c.png\",\"contentUrl\":\"https:\/\/www.va-q-tec.com\/wp-content\/uploads\/va-Q-tec_Q_Logo_3c.png\",\"width\":720,\"height\":720,\"caption\":\"va-Q-tec\"},\"image\":{\"@id\":\"https:\/\/www.va-q-tec.com\/en\/#\/schema\/logo\/image\/\"},\"sameAs\":[\"https:\/\/www.linkedin.com\/company\/va-q-tec\/\",\"https:\/\/www.instagram.com\/va_q_tec\/\",\"https:\/\/www.youtube.com\/channel\/UClLyKAwknuXYSg-SwFZfeSg\"]}]}<\/script>\n<!-- \/ Yoast SEO plugin. -->","yoast_head_json":{"title":"Application examples for healthcare & logistics \u25ba va-Q-tec","description":"Successful examples of temperature-controlled transportation \u25ba va-Q-tec \u2705 Get to know the advantages of our vacuum-insulated transport boxes & containers!","robots":{"index":"index","follow":"follow","max-snippet":"max-snippet:-1","max-image-preview":"max-image-preview:large","max-video-preview":"max-video-preview:-1"},"canonical":"https:\/\/www.va-q-tec.com\/en\/business-areas\/last-mile-pharma\/application-examples-for-last-mile-pharma\/","og_locale":"en_US","og_type":"article","og_title":"Application examples for healthcare & logistics \u25ba va-Q-tec","og_description":"Successful examples of temperature-controlled transportation \u25ba va-Q-tec \u2705 Get to know the advantages of our vacuum-insulated transport boxes & containers!","og_url":"https:\/\/www.va-q-tec.com\/en\/business-areas\/last-mile-pharma\/application-examples-for-last-mile-pharma\/","og_site_name":"va-Q-tec","article_modified_time":"2025-09-23T08:59:33+00:00","twitter_card":"summary_large_image","schema":{"@context":"https:\/\/schema.org","@graph":[{"@type":"WebPage","@id":"https:\/\/www.va-q-tec.com\/en\/business-areas\/last-mile-pharma\/application-examples-for-last-mile-pharma\/","url":"https:\/\/www.va-q-tec.com\/en\/business-areas\/last-mile-pharma\/application-examples-for-last-mile-pharma\/","name":"Application examples for healthcare & logistics \u25ba va-Q-tec","isPartOf":{"@id":"https:\/\/www.va-q-tec.com\/en\/#website"},"datePublished":"2023-07-14T06:01:15+00:00","dateModified":"2025-09-23T08:59:33+00:00","description":"Successful examples of temperature-controlled transportation \u25ba va-Q-tec \u2705 Get to know the advantages of our vacuum-insulated transport boxes & containers!","breadcrumb":{"@id":"https:\/\/www.va-q-tec.com\/en\/business-areas\/last-mile-pharma\/application-examples-for-last-mile-pharma\/#breadcrumb"},"inLanguage":"en-US","potentialAction":[{"@type":"ReadAction","target":["https:\/\/www.va-q-tec.com\/en\/business-areas\/last-mile-pharma\/application-examples-for-last-mile-pharma\/"]}]},{"@type":"BreadcrumbList","@id":"https:\/\/www.va-q-tec.com\/en\/business-areas\/last-mile-pharma\/application-examples-for-last-mile-pharma\/#breadcrumb","itemListElement":[{"@type":"ListItem","position":1,"name":"Home","item":"https:\/\/www.va-q-tec.com\/en\/"},{"@type":"ListItem","position":2,"name":"Business Areas","item":"https:\/\/www.va-q-tec.com\/en\/business-areas\/"},{"@type":"ListItem","position":3,"name":"Last Mile Pharma","item":"https:\/\/www.va-q-tec.com\/en\/business-areas\/last-mile-pharma\/"},{"@type":"ListItem","position":4,"name":"Application examples for Last Mile Pharma"}]},{"@type":"WebSite","@id":"https:\/\/www.va-q-tec.com\/en\/#website","url":"https:\/\/www.va-q-tec.com\/en\/","name":"va-Q-tec","description":"We solve thermal Challenges","publisher":{"@id":"https:\/\/www.va-q-tec.com\/en\/#organization"},"potentialAction":[{"@type":"SearchAction","target":{"@type":"EntryPoint","urlTemplate":"https:\/\/www.va-q-tec.com\/en\/?s={search_term_string}"},"query-input":{"@type":"PropertyValueSpecification","valueRequired":true,"valueName":"search_term_string"}}],"inLanguage":"en-US"},{"@type":"Organization","@id":"https:\/\/www.va-q-tec.com\/en\/#organization","name":"va-Q-tec","url":"https:\/\/www.va-q-tec.com\/en\/","logo":{"@type":"ImageObject","inLanguage":"en-US","@id":"https:\/\/www.va-q-tec.com\/en\/#\/schema\/logo\/image\/","url":"https:\/\/www.va-q-tec.com\/wp-content\/uploads\/va-Q-tec_Q_Logo_3c.png","contentUrl":"https:\/\/www.va-q-tec.com\/wp-content\/uploads\/va-Q-tec_Q_Logo_3c.png","width":720,"height":720,"caption":"va-Q-tec"},"image":{"@id":"https:\/\/www.va-q-tec.com\/en\/#\/schema\/logo\/image\/"},"sameAs":["https:\/\/www.linkedin.com\/company\/va-q-tec\/","https:\/\/www.instagram.com\/va_q_tec\/","https:\/\/www.youtube.com\/channel\/UClLyKAwknuXYSg-SwFZfeSg"]}]}},"_links":{"self":[{"href":"https:\/\/www.va-q-tec.com\/en\/wp-json\/wp\/v2\/pages\/20329","targetHints":{"allow":["GET"]}}],"collection":[{"href":"https:\/\/www.va-q-tec.com\/en\/wp-json\/wp\/v2\/pages"}],"about":[{"href":"https:\/\/www.va-q-tec.com\/en\/wp-json\/wp\/v2\/types\/page"}],"author":[{"embeddable":true,"href":"https:\/\/www.va-q-tec.com\/en\/wp-json\/wp\/v2\/users\/15"}],"replies":[{"embeddable":true,"href":"https:\/\/www.va-q-tec.com\/en\/wp-json\/wp\/v2\/comments?post=20329"}],"version-history":[{"count":37,"href":"https:\/\/www.va-q-tec.com\/en\/wp-json\/wp\/v2\/pages\/20329\/revisions"}],"predecessor-version":[{"id":68632,"href":"https:\/\/www.va-q-tec.com\/en\/wp-json\/wp\/v2\/pages\/20329\/revisions\/68632"}],"up":[{"embeddable":true,"href":"https:\/\/www.va-q-tec.com\/en\/wp-json\/wp\/v2\/pages\/60625"}],"wp:attachment":[{"href":"https:\/\/www.va-q-tec.com\/en\/wp-json\/wp\/v2\/media?parent=20329"}],"curies":[{"name":"wp","href":"https:\/\/api.w.org\/{rel}","templated":true}]}}