{"id":19939,"date":"2023-07-13T10:23:20","date_gmt":"2023-07-13T10:23:20","guid":{"rendered":"https:\/\/www.va-q-tec.com\/?page_id=19939"},"modified":"2024-05-08T10:24:14","modified_gmt":"2024-05-08T10:24:14","slug":"case-study-gram-bioline","status":"publish","type":"page","link":"https:\/\/www.va-q-tec.com\/en\/business-areas\/food-appliances\/application-examples-for-home-and-laboratory-equipment\/case-study-gram-bioline\/","title":{"rendered":"Case Study GRAM BioLine"},"content":{"rendered":"\n<div id=\"page-headline-block_64b5082194ad7\" class=\"widget widget-page-headline widget--space-before-medium widget--space-after-none\">\n            <div class=\"widget__header\">\n            <div class=\"container\">\n                <div class=\"title\">\n                                            <div class=\"topline\">\n                            <div class=\"breadcrumbs\">\n                <div class=\"container\">\n                    <div class=\"row\">\n                        <div class=\"breadcrumbs__items\">\n                            <div class=\"breadcrumbs__content\">\n                                <div class=\"breadcrumbs__item\"><\/div>\n                            <\/div>\n                        <\/div>\n                    <\/div>\n                <\/div>\n            <\/div>                        <\/div>\n                                                                <div class=\"headline\">\n                            <h1>Case Study GRAM BioLine<\/h1>\n                        <\/div>\n                                                        <\/div>\n            <\/div>\n        <\/div>\n    <\/div>\n\n\n\n<div id=\"image-block_64b5082994ad9\" class=\"widget widget-image widget--space-before-medium widget--space-after-none\">\n            <div class=\"widget__middle\">\n            <div class=\"container\">\n                <div class=\"image\"><img loading=\"lazy\" decoding=\"async\" width=\"1024\" height=\"576\" src=\"https:\/\/www.va-q-tec.com\/wp-content\/uploads\/Gram-Commercial-1024x576.jpg\" class=\"attachment-large size-large\" alt=\"Vier unterschiedliche Modelle von Industriek\u00fchlschr\u00e4nken, zwei geschlossen und zwei ge\u00f6ffnet.\" srcset=\"https:\/\/www.va-q-tec.com\/wp-content\/uploads\/Gram-Commercial-1024x576.jpg 1024w, https:\/\/www.va-q-tec.com\/wp-content\/uploads\/Gram-Commercial-300x169.jpg 300w, https:\/\/www.va-q-tec.com\/wp-content\/uploads\/Gram-Commercial-768x432.jpg 768w, https:\/\/www.va-q-tec.com\/wp-content\/uploads\/Gram-Commercial-1200x675.jpg 1200w, https:\/\/www.va-q-tec.com\/wp-content\/uploads\/Gram-Commercial-480x270.jpg 480w, https:\/\/www.va-q-tec.com\/wp-content\/uploads\/Gram-Commercial-200x113.jpg 200w, https:\/\/www.va-q-tec.com\/wp-content\/uploads\/Gram-Commercial.jpg 1340w\" sizes=\"auto, (max-width: 1024px) 100vw, 1024px\" \/><\/div>\n            <\/div>\n        <\/div>\n    <\/div>\n\n\n\n    <div id=\"teaser-with-image-block_64b5082594ad8\" class=\"widget widget-teaser-with-image image-right image-first vertical-top widget--space-before-medium widget--space-after-none\">\n        <div class=\"container\">\n            <div class=\"widget__header\">\n                                    <div class=\"title\">\n                        <div class=\"headline\">\n                            <h2>\n                                                                Successful partnership with Gram BioLine                            <\/h2>\n                        <\/div>\n                    <\/div>\n                                                    <div class=\"text text-medium\"><p>Gram BioLine, as part of Gram Commercial, is one of the world\u2019s leading suppliers of high-performance refrigerators and freezers in the life sciences sector. The equipment, manufactured at the company\u2019s production site in Vojens, Denmark, which is also the headquarters, is mainly used in application areas such as laboratories, medical research centers and industry. For over 30 years, the company has not only been setting the highest standards in quality but has also been focusing on environmental awareness and sustainability. By using new green refrigerants and energy-saving technologies, Gram BioLine is doing important pioneering work in this regard.<\/p>\n<\/div>\n                                            <\/div>\n            <div class=\"widget__middle\">\n                                    <div class=\"teaser\">\n                        <div class=\"outer\">\n                            <img loading=\"lazy\" decoding=\"async\" width=\"1024\" height=\"576\" src=\"https:\/\/www.va-q-tec.com\/wp-content\/uploads\/BioUltra_01_Hvid_1340x754-1024x576.jpg\" class=\"attachment-large size-large\" alt=\"Ein wei\u00dfer aufrechter Tiefk\u00fchlschrank steht isoliert vor einem einfarbigen Hintergrund.\" srcset=\"https:\/\/www.va-q-tec.com\/wp-content\/uploads\/BioUltra_01_Hvid_1340x754-1024x576.jpg 1024w, https:\/\/www.va-q-tec.com\/wp-content\/uploads\/BioUltra_01_Hvid_1340x754-300x169.jpg 300w, https:\/\/www.va-q-tec.com\/wp-content\/uploads\/BioUltra_01_Hvid_1340x754-768x432.jpg 768w, https:\/\/www.va-q-tec.com\/wp-content\/uploads\/BioUltra_01_Hvid_1340x754-1200x675.jpg 1200w, https:\/\/www.va-q-tec.com\/wp-content\/uploads\/BioUltra_01_Hvid_1340x754-480x270.jpg 480w, https:\/\/www.va-q-tec.com\/wp-content\/uploads\/BioUltra_01_Hvid_1340x754-200x113.jpg 200w, https:\/\/www.va-q-tec.com\/wp-content\/uploads\/BioUltra_01_Hvid_1340x754.jpg 1340w\" sizes=\"auto, (max-width: 1024px) 100vw, 1024px\" \/>                        <\/div>\n                    <\/div>\n                                            <\/div>\n        <\/div>\n    <\/div>\n\n\n\n<div id=\"richtext-block_64b5083194ada\" class=\"widget widget-richtext mode-wide widget--space-before-extrasmall widget--space-after-none\">\n    <div class=\"widget__middle\">\n        <div class=\"container\">\n            <div class=\"richtext\">\n                <p><strong>Challenge<\/strong><br \/>\nEspecially for freezers, the constant internal temperature of -86 \u00b0C requires a high energy input, which can be compared to the electricity consumption of an average 4-person household. Standard insulation materials are thick and reduce the useable internal volume as the external dimensions, which are adapted to the market standard, are rarely changed.<\/p>\n<p><strong>Solution<\/strong><br \/>\nDue to their highly efficient insulation performance, vacuum insulation panels installed in the outer walls enable a significantly improved ratio of total volume to usable internal volume. In case of an interruption in cooling performance, va-Q-tec\u2019s VIPs ensure the longest possible retention time before contents must be removed. In addition, the energy consumption of the freezer is significantly reduced.<\/p>\n            <\/div>\n        <\/div>\n    <\/div>\n<\/div>\n\n\n\n<div id=\"richtext-block_64b5083394adb\" class=\"widget widget-richtext mode-wide widget--space-before-extrasmall widget--space-after-medium\">\n    <div class=\"widget__middle\">\n        <div class=\"container\">\n            <div class=\"richtext\">\n                <p><strong>Reliable partnership even in times of Corona<\/strong><br \/>\nThe cooperation between va-Q-tec and Gram BioLine has been existing for several years. Especially in times of Corona, reliable partnerships are existential, especially when the products are such an important integral in the proliferation of CoVid-19 immunization programs. BioLine\u2019s ultra-low temperature freezers are used, in part, for the safe stationary storage of CoVid-19 vaccines, and the company has recently seen an increase in demand for its products as a result.<\/p>\n<blockquote><p>\u201cWe are proud to be a contributor and are eager to help solve the current healthcare crisis and can rely on our suppliers in this effort. va-Q-tec represents a great example of a reliable business partner. We are grateful for the cooperation and look forward to future collaborations.\u201d<br \/>\nMorten Blomstr\u00f8m Lohmann, Gram BioLine.<\/p><\/blockquote>\n<p>&nbsp;<\/p>\n            <\/div>\n        <\/div>\n    <\/div>\n<\/div>\n","protected":false},"excerpt":{"rendered":"","protected":false},"author":15,"featured_media":6718,"parent":21326,"menu_order":0,"comment_status":"closed","ping_status":"closed","template":"","meta":{"_acf_changed":false,"footnotes":""},"class_list":["post-19939","page","type-page","status-publish","has-post-thumbnail","hentry"],"acf":[],"yoast_head":"<!-- This site is optimized with the Yoast SEO plugin v25.7 - https:\/\/yoast.com\/wordpress\/plugins\/seo\/ -->\n<title>Laboratory appliances: Case study GRAM BioLine \u25ba va-Q-tec<\/title>\n<meta name=\"description\" content=\"Find out more about the collaboration between va-Q-tec &amp; GRAM BioLine \u25ba va-Q-tec \u2705 Find out more about the advantages of ultra deep freezers!\" \/>\n<meta name=\"robots\" content=\"index, follow, max-snippet:-1, max-image-preview:large, max-video-preview:-1\" \/>\n<link rel=\"canonical\" href=\"https:\/\/www.va-q-tec.com\/en\/business-areas\/food-appliances\/application-examples-for-home-and-laboratory-equipment\/case-study-gram-bioline\/\" \/>\n<meta property=\"og:locale\" content=\"en_US\" \/>\n<meta property=\"og:type\" content=\"article\" \/>\n<meta property=\"og:title\" content=\"Laboratory appliances: Case study GRAM BioLine \u25ba va-Q-tec\" \/>\n<meta property=\"og:description\" content=\"Find out more about the collaboration between va-Q-tec &amp; GRAM BioLine \u25ba va-Q-tec \u2705 Find out more about the advantages of ultra deep freezers!\" \/>\n<meta property=\"og:url\" content=\"https:\/\/www.va-q-tec.com\/en\/business-areas\/food-appliances\/application-examples-for-home-and-laboratory-equipment\/case-study-gram-bioline\/\" \/>\n<meta property=\"og:site_name\" content=\"va-Q-tec\" \/>\n<meta property=\"article:modified_time\" content=\"2024-05-08T10:24:14+00:00\" \/>\n<meta property=\"og:image\" content=\"https:\/\/www.va-q-tec.com\/wp-content\/uploads\/Gram-Commercial.jpg\" \/>\n\t<meta property=\"og:image:width\" content=\"1340\" \/>\n\t<meta property=\"og:image:height\" content=\"754\" \/>\n\t<meta property=\"og:image:type\" content=\"image\/jpeg\" \/>\n<meta name=\"twitter:card\" content=\"summary_large_image\" \/>\n<script type=\"application\/ld+json\" class=\"yoast-schema-graph\">{\"@context\":\"https:\/\/schema.org\",\"@graph\":[{\"@type\":\"WebPage\",\"@id\":\"https:\/\/www.va-q-tec.com\/en\/business-areas\/food-appliances\/application-examples-for-home-and-laboratory-equipment\/case-study-gram-bioline\/\",\"url\":\"https:\/\/www.va-q-tec.com\/en\/business-areas\/food-appliances\/application-examples-for-home-and-laboratory-equipment\/case-study-gram-bioline\/\",\"name\":\"Laboratory appliances: Case study GRAM BioLine \u25ba va-Q-tec\",\"isPartOf\":{\"@id\":\"https:\/\/www.va-q-tec.com\/en\/#website\"},\"primaryImageOfPage\":{\"@id\":\"https:\/\/www.va-q-tec.com\/en\/business-areas\/food-appliances\/application-examples-for-home-and-laboratory-equipment\/case-study-gram-bioline\/#primaryimage\"},\"image\":{\"@id\":\"https:\/\/www.va-q-tec.com\/en\/business-areas\/food-appliances\/application-examples-for-home-and-laboratory-equipment\/case-study-gram-bioline\/#primaryimage\"},\"thumbnailUrl\":\"https:\/\/www.va-q-tec.com\/wp-content\/uploads\/Gram-Commercial.jpg\",\"datePublished\":\"2023-07-13T10:23:20+00:00\",\"dateModified\":\"2024-05-08T10:24:14+00:00\",\"description\":\"Find out more about the collaboration between va-Q-tec & GRAM BioLine \u25ba va-Q-tec \u2705 Find out more about the advantages of ultra deep freezers!\",\"breadcrumb\":{\"@id\":\"https:\/\/www.va-q-tec.com\/en\/business-areas\/food-appliances\/application-examples-for-home-and-laboratory-equipment\/case-study-gram-bioline\/#breadcrumb\"},\"inLanguage\":\"en-US\",\"potentialAction\":[{\"@type\":\"ReadAction\",\"target\":[\"https:\/\/www.va-q-tec.com\/en\/business-areas\/food-appliances\/application-examples-for-home-and-laboratory-equipment\/case-study-gram-bioline\/\"]}]},{\"@type\":\"ImageObject\",\"inLanguage\":\"en-US\",\"@id\":\"https:\/\/www.va-q-tec.com\/en\/business-areas\/food-appliances\/application-examples-for-home-and-laboratory-equipment\/case-study-gram-bioline\/#primaryimage\",\"url\":\"https:\/\/www.va-q-tec.com\/wp-content\/uploads\/Gram-Commercial.jpg\",\"contentUrl\":\"https:\/\/www.va-q-tec.com\/wp-content\/uploads\/Gram-Commercial.jpg\",\"width\":1340,\"height\":754,\"caption\":\"Vier unterschiedliche Modelle von Industriek\u00fchlschr\u00e4nken, zwei geschlossen und zwei ge\u00f6ffnet.\"},{\"@type\":\"BreadcrumbList\",\"@id\":\"https:\/\/www.va-q-tec.com\/en\/business-areas\/food-appliances\/application-examples-for-home-and-laboratory-equipment\/case-study-gram-bioline\/#breadcrumb\",\"itemListElement\":[{\"@type\":\"ListItem\",\"position\":1,\"name\":\"Home\",\"item\":\"https:\/\/www.va-q-tec.com\/en\/\"},{\"@type\":\"ListItem\",\"position\":2,\"name\":\"Business Areas\",\"item\":\"https:\/\/www.va-q-tec.com\/en\/business-areas\/\"},{\"@type\":\"ListItem\",\"position\":3,\"name\":\"Appliances\",\"item\":\"https:\/\/www.va-q-tec.com\/en\/business-areas\/food-appliances\/\"},{\"@type\":\"ListItem\",\"position\":4,\"name\":\"Application examples for Home and Laboratory Equipment\",\"item\":\"https:\/\/www.va-q-tec.com\/en\/business-areas\/food-appliances\/application-examples-for-home-and-laboratory-equipment\/\"},{\"@type\":\"ListItem\",\"position\":5,\"name\":\"Case Study GRAM BioLine\"}]},{\"@type\":\"WebSite\",\"@id\":\"https:\/\/www.va-q-tec.com\/en\/#website\",\"url\":\"https:\/\/www.va-q-tec.com\/en\/\",\"name\":\"va-Q-tec\",\"description\":\"We solve thermal Challenges\",\"publisher\":{\"@id\":\"https:\/\/www.va-q-tec.com\/en\/#organization\"},\"potentialAction\":[{\"@type\":\"SearchAction\",\"target\":{\"@type\":\"EntryPoint\",\"urlTemplate\":\"https:\/\/www.va-q-tec.com\/en\/?s={search_term_string}\"},\"query-input\":{\"@type\":\"PropertyValueSpecification\",\"valueRequired\":true,\"valueName\":\"search_term_string\"}}],\"inLanguage\":\"en-US\"},{\"@type\":\"Organization\",\"@id\":\"https:\/\/www.va-q-tec.com\/en\/#organization\",\"name\":\"va-Q-tec\",\"url\":\"https:\/\/www.va-q-tec.com\/en\/\",\"logo\":{\"@type\":\"ImageObject\",\"inLanguage\":\"en-US\",\"@id\":\"https:\/\/www.va-q-tec.com\/en\/#\/schema\/logo\/image\/\",\"url\":\"https:\/\/www.va-q-tec.com\/wp-content\/uploads\/va-Q-tec_Q_Logo_3c.png\",\"contentUrl\":\"https:\/\/www.va-q-tec.com\/wp-content\/uploads\/va-Q-tec_Q_Logo_3c.png\",\"width\":720,\"height\":720,\"caption\":\"va-Q-tec\"},\"image\":{\"@id\":\"https:\/\/www.va-q-tec.com\/en\/#\/schema\/logo\/image\/\"},\"sameAs\":[\"https:\/\/www.linkedin.com\/company\/va-q-tec\/\",\"https:\/\/www.instagram.com\/va_q_tec\/\",\"https:\/\/www.youtube.com\/channel\/UClLyKAwknuXYSg-SwFZfeSg\"]}]}<\/script>\n<!-- \/ Yoast SEO plugin. -->","yoast_head_json":{"title":"Laboratory appliances: Case study GRAM BioLine \u25ba va-Q-tec","description":"Find out more about the collaboration between va-Q-tec & GRAM BioLine \u25ba va-Q-tec \u2705 Find out more about the advantages of ultra deep freezers!","robots":{"index":"index","follow":"follow","max-snippet":"max-snippet:-1","max-image-preview":"max-image-preview:large","max-video-preview":"max-video-preview:-1"},"canonical":"https:\/\/www.va-q-tec.com\/en\/business-areas\/food-appliances\/application-examples-for-home-and-laboratory-equipment\/case-study-gram-bioline\/","og_locale":"en_US","og_type":"article","og_title":"Laboratory appliances: Case study GRAM BioLine \u25ba va-Q-tec","og_description":"Find out more about the collaboration between va-Q-tec & GRAM BioLine \u25ba va-Q-tec \u2705 Find out more about the advantages of ultra deep freezers!","og_url":"https:\/\/www.va-q-tec.com\/en\/business-areas\/food-appliances\/application-examples-for-home-and-laboratory-equipment\/case-study-gram-bioline\/","og_site_name":"va-Q-tec","article_modified_time":"2024-05-08T10:24:14+00:00","og_image":[{"width":1340,"height":754,"url":"https:\/\/www.va-q-tec.com\/wp-content\/uploads\/Gram-Commercial.jpg","type":"image\/jpeg"}],"twitter_card":"summary_large_image","schema":{"@context":"https:\/\/schema.org","@graph":[{"@type":"WebPage","@id":"https:\/\/www.va-q-tec.com\/en\/business-areas\/food-appliances\/application-examples-for-home-and-laboratory-equipment\/case-study-gram-bioline\/","url":"https:\/\/www.va-q-tec.com\/en\/business-areas\/food-appliances\/application-examples-for-home-and-laboratory-equipment\/case-study-gram-bioline\/","name":"Laboratory appliances: Case study GRAM BioLine \u25ba va-Q-tec","isPartOf":{"@id":"https:\/\/www.va-q-tec.com\/en\/#website"},"primaryImageOfPage":{"@id":"https:\/\/www.va-q-tec.com\/en\/business-areas\/food-appliances\/application-examples-for-home-and-laboratory-equipment\/case-study-gram-bioline\/#primaryimage"},"image":{"@id":"https:\/\/www.va-q-tec.com\/en\/business-areas\/food-appliances\/application-examples-for-home-and-laboratory-equipment\/case-study-gram-bioline\/#primaryimage"},"thumbnailUrl":"https:\/\/www.va-q-tec.com\/wp-content\/uploads\/Gram-Commercial.jpg","datePublished":"2023-07-13T10:23:20+00:00","dateModified":"2024-05-08T10:24:14+00:00","description":"Find out more about the collaboration between va-Q-tec & GRAM BioLine \u25ba va-Q-tec \u2705 Find out more about the advantages of ultra deep freezers!","breadcrumb":{"@id":"https:\/\/www.va-q-tec.com\/en\/business-areas\/food-appliances\/application-examples-for-home-and-laboratory-equipment\/case-study-gram-bioline\/#breadcrumb"},"inLanguage":"en-US","potentialAction":[{"@type":"ReadAction","target":["https:\/\/www.va-q-tec.com\/en\/business-areas\/food-appliances\/application-examples-for-home-and-laboratory-equipment\/case-study-gram-bioline\/"]}]},{"@type":"ImageObject","inLanguage":"en-US","@id":"https:\/\/www.va-q-tec.com\/en\/business-areas\/food-appliances\/application-examples-for-home-and-laboratory-equipment\/case-study-gram-bioline\/#primaryimage","url":"https:\/\/www.va-q-tec.com\/wp-content\/uploads\/Gram-Commercial.jpg","contentUrl":"https:\/\/www.va-q-tec.com\/wp-content\/uploads\/Gram-Commercial.jpg","width":1340,"height":754,"caption":"Vier unterschiedliche Modelle von Industriek\u00fchlschr\u00e4nken, zwei geschlossen und zwei ge\u00f6ffnet."},{"@type":"BreadcrumbList","@id":"https:\/\/www.va-q-tec.com\/en\/business-areas\/food-appliances\/application-examples-for-home-and-laboratory-equipment\/case-study-gram-bioline\/#breadcrumb","itemListElement":[{"@type":"ListItem","position":1,"name":"Home","item":"https:\/\/www.va-q-tec.com\/en\/"},{"@type":"ListItem","position":2,"name":"Business Areas","item":"https:\/\/www.va-q-tec.com\/en\/business-areas\/"},{"@type":"ListItem","position":3,"name":"Appliances","item":"https:\/\/www.va-q-tec.com\/en\/business-areas\/food-appliances\/"},{"@type":"ListItem","position":4,"name":"Application examples for Home and Laboratory Equipment","item":"https:\/\/www.va-q-tec.com\/en\/business-areas\/food-appliances\/application-examples-for-home-and-laboratory-equipment\/"},{"@type":"ListItem","position":5,"name":"Case Study GRAM BioLine"}]},{"@type":"WebSite","@id":"https:\/\/www.va-q-tec.com\/en\/#website","url":"https:\/\/www.va-q-tec.com\/en\/","name":"va-Q-tec","description":"We solve thermal Challenges","publisher":{"@id":"https:\/\/www.va-q-tec.com\/en\/#organization"},"potentialAction":[{"@type":"SearchAction","target":{"@type":"EntryPoint","urlTemplate":"https:\/\/www.va-q-tec.com\/en\/?s={search_term_string}"},"query-input":{"@type":"PropertyValueSpecification","valueRequired":true,"valueName":"search_term_string"}}],"inLanguage":"en-US"},{"@type":"Organization","@id":"https:\/\/www.va-q-tec.com\/en\/#organization","name":"va-Q-tec","url":"https:\/\/www.va-q-tec.com\/en\/","logo":{"@type":"ImageObject","inLanguage":"en-US","@id":"https:\/\/www.va-q-tec.com\/en\/#\/schema\/logo\/image\/","url":"https:\/\/www.va-q-tec.com\/wp-content\/uploads\/va-Q-tec_Q_Logo_3c.png","contentUrl":"https:\/\/www.va-q-tec.com\/wp-content\/uploads\/va-Q-tec_Q_Logo_3c.png","width":720,"height":720,"caption":"va-Q-tec"},"image":{"@id":"https:\/\/www.va-q-tec.com\/en\/#\/schema\/logo\/image\/"},"sameAs":["https:\/\/www.linkedin.com\/company\/va-q-tec\/","https:\/\/www.instagram.com\/va_q_tec\/","https:\/\/www.youtube.com\/channel\/UClLyKAwknuXYSg-SwFZfeSg"]}]}},"_links":{"self":[{"href":"https:\/\/www.va-q-tec.com\/en\/wp-json\/wp\/v2\/pages\/19939","targetHints":{"allow":["GET"]}}],"collection":[{"href":"https:\/\/www.va-q-tec.com\/en\/wp-json\/wp\/v2\/pages"}],"about":[{"href":"https:\/\/www.va-q-tec.com\/en\/wp-json\/wp\/v2\/types\/page"}],"author":[{"embeddable":true,"href":"https:\/\/www.va-q-tec.com\/en\/wp-json\/wp\/v2\/users\/15"}],"replies":[{"embeddable":true,"href":"https:\/\/www.va-q-tec.com\/en\/wp-json\/wp\/v2\/comments?post=19939"}],"version-history":[{"count":22,"href":"https:\/\/www.va-q-tec.com\/en\/wp-json\/wp\/v2\/pages\/19939\/revisions"}],"predecessor-version":[{"id":30229,"href":"https:\/\/www.va-q-tec.com\/en\/wp-json\/wp\/v2\/pages\/19939\/revisions\/30229"}],"up":[{"embeddable":true,"href":"https:\/\/www.va-q-tec.com\/en\/wp-json\/wp\/v2\/pages\/21326"}],"wp:featuredmedia":[{"embeddable":true,"href":"https:\/\/www.va-q-tec.com\/en\/wp-json\/wp\/v2\/media\/6718"}],"wp:attachment":[{"href":"https:\/\/www.va-q-tec.com\/en\/wp-json\/wp\/v2\/media?parent=19939"}],"curies":[{"name":"wp","href":"https:\/\/api.w.org\/{rel}","templated":true}]}}