{"id":19935,"date":"2023-07-13T10:21:37","date_gmt":"2023-07-13T10:21:37","guid":{"rendered":"https:\/\/www.va-q-tec.com\/?page_id=19935"},"modified":"2024-08-01T13:14:38","modified_gmt":"2024-08-01T13:14:38","slug":"case-study-binder","status":"publish","type":"page","link":"https:\/\/www.va-q-tec.com\/en\/business-areas\/food-appliances\/application-examples-for-home-and-laboratory-equipment\/case-study-binder\/","title":{"rendered":"Case Study BINDER"},"content":{"rendered":"\n<div id=\"page-headline-block_ee9ef6e8ad506f286bb7ed0edc9c0ef4\" class=\"widget widget-page-headline widget--space-before-medium widget--space-after-none\">\n            <div class=\"widget__header\">\n            <div class=\"container\">\n                <div class=\"title\">\n                                            <div class=\"topline\">\n                            <div class=\"breadcrumbs\">\n                <div class=\"container\">\n                    <div class=\"row\">\n                        <div class=\"breadcrumbs__items\">\n                            <div class=\"breadcrumbs__content\">\n                                <div class=\"breadcrumbs__item\"><\/div>\n                            <\/div>\n                        <\/div>\n                    <\/div>\n                <\/div>\n            <\/div>                        <\/div>\n                                                                <div class=\"headline\">\n                            <h1>Case Study BINDER<\/h1>\n                        <\/div>\n                                                        <\/div>\n            <\/div>\n        <\/div>\n    <\/div>\n\n\n\n<div id=\"image-block_31d9c306d5ef6bd84bdbe9a026da4937\" class=\"widget widget-image widget--space-before-medium widget--space-after-none\">\n            <div class=\"widget__middle\">\n            <div class=\"container\">\n                <div class=\"image\"><img loading=\"lazy\" decoding=\"async\" width=\"1024\" height=\"576\" src=\"https:\/\/www.va-q-tec.com\/wp-content\/uploads\/p.38_Header_Erfolgsgeschichte_BINDER-1-1024x576.jpg\" class=\"attachment-large size-large\" alt=\"Das Bild zeigt 5 industrielle K\u00fchl- oder Gefrierschr\u00e4nke, in verschiedenen Ansichten, einschlie\u00dflich ge\u00f6ffneter T\u00fcren.\" srcset=\"https:\/\/www.va-q-tec.com\/wp-content\/uploads\/p.38_Header_Erfolgsgeschichte_BINDER-1-1024x576.jpg 1024w, https:\/\/www.va-q-tec.com\/wp-content\/uploads\/p.38_Header_Erfolgsgeschichte_BINDER-1-300x169.jpg 300w, https:\/\/www.va-q-tec.com\/wp-content\/uploads\/p.38_Header_Erfolgsgeschichte_BINDER-1-768x432.jpg 768w, https:\/\/www.va-q-tec.com\/wp-content\/uploads\/p.38_Header_Erfolgsgeschichte_BINDER-1-1200x675.jpg 1200w, https:\/\/www.va-q-tec.com\/wp-content\/uploads\/p.38_Header_Erfolgsgeschichte_BINDER-1-480x270.jpg 480w, https:\/\/www.va-q-tec.com\/wp-content\/uploads\/p.38_Header_Erfolgsgeschichte_BINDER-1-200x113.jpg 200w, https:\/\/www.va-q-tec.com\/wp-content\/uploads\/p.38_Header_Erfolgsgeschichte_BINDER-1.jpg 1340w\" sizes=\"auto, (max-width: 1024px) 100vw, 1024px\" \/><\/div>\n            <\/div>\n        <\/div>\n    <\/div>\n\n\n\n    <div id=\"teaser-with-image-block_ae1d2756070bba414ff885e95504c19f\" class=\"widget widget-teaser-with-image image-right image-first vertical-top widget--space-before-medium widget--space-after-none\">\n        <div class=\"container\">\n            <div class=\"widget__header\">\n                                    <div class=\"title\">\n                        <div class=\"headline\">\n                            <h2>\n                                                                Joint success story                            <\/h2>\n                        <\/div>\n                    <\/div>\n                                                    <div class=\"text text-medium\"><p>BINDER is the leading specialist for simu\u00adlation cabinets for scientific and industrial laboratories and is focussed entirely on simulation cabinets. Several thousand ap\u00adpliances leave the works in Tuttlingen each year. The brand image is characterised by cutting-edge technology, innovations and absolute precision.<\/p>\n<\/div>\n                                            <\/div>\n            <div class=\"widget__middle\">\n                                    <div class=\"teaser\">\n                        <div class=\"outer\">\n                            <img loading=\"lazy\" decoding=\"async\" width=\"1024\" height=\"576\" src=\"https:\/\/www.va-q-tec.com\/wp-content\/uploads\/p.38_Batterieschrank-1024x576.jpg\" class=\"attachment-large size-large\" alt=\"Es handelt sich um ein industrielles Ger\u00e4t, vermutlich eine Maschine, vor einem wei\u00dfen Hintergrund.\" srcset=\"https:\/\/www.va-q-tec.com\/wp-content\/uploads\/p.38_Batterieschrank-1024x576.jpg 1024w, https:\/\/www.va-q-tec.com\/wp-content\/uploads\/p.38_Batterieschrank-300x169.jpg 300w, https:\/\/www.va-q-tec.com\/wp-content\/uploads\/p.38_Batterieschrank-768x432.jpg 768w, https:\/\/www.va-q-tec.com\/wp-content\/uploads\/p.38_Batterieschrank-1200x675.jpg 1200w, https:\/\/www.va-q-tec.com\/wp-content\/uploads\/p.38_Batterieschrank-480x270.jpg 480w, https:\/\/www.va-q-tec.com\/wp-content\/uploads\/p.38_Batterieschrank-200x113.jpg 200w, https:\/\/www.va-q-tec.com\/wp-content\/uploads\/p.38_Batterieschrank.jpg 1340w\" sizes=\"auto, (max-width: 1024px) 100vw, 1024px\" \/>                        <\/div>\n                    <\/div>\n                                            <\/div>\n        <\/div>\n    <\/div>\n\n\n\n<div id=\"richtext-block_87ffe1553749c2b97e2c43802980b9e0\" class=\"widget widget-richtext mode-wide widget--space-before-extrasmall widget--space-after-none\">\n    <div class=\"widget__middle\">\n        <div class=\"container\">\n            <div class=\"richtext\">\n                <p><strong>Challenge<\/strong><br \/>\nThe continuous internal temperature of approx. -86 \u00b0C requires high energy usage. Standard insulation materials are thick and occupy valuable internal space or contrib\u00adute to an increased total volume.<\/p>\n<p><strong>Solution<\/strong><br \/>\nBy means of the use of VIPs on all six sides, thinner walls are made possible and the ener\u00adgy consumption reduced at the same time. In this way no condensation forms on the outer casing.<\/p>\n            <\/div>\n        <\/div>\n    <\/div>\n<\/div>\n\n\n\n<div id=\"richtext-block_74910923a63a32adbb297c1f23c97681\" class=\"widget widget-richtext mode-wide widget--space-before-extrasmall widget--space-after-medium\">\n    <div class=\"widget__middle\">\n        <div class=\"container\">\n            <div class=\"richtext\">\n                <p><strong>Support during Corona vaccine research<\/strong><br \/>\nAlong with support to global, life-saving medicine logis\u00adtics for Corona test kits, with its unique vacuum insula\u00adtion panels (VIPs) va-Q-tec is also supporting the German laboratory equipment manufacturer BINDER whose equipment is con\u00adsidered imperative for Corona research. In this way va-Q-tec is actively contributing to fighting the virus also in this area.<\/p>\n<p>va-Q-tec Thermal Solutions GmbH has collaborated with BIND\u00adER GmbH for many years. Howev\u00ader, in times of the Corona crisis, the system relevance of this co-operation has become clear: to find a suitable vaccine or remedy for the pathogen, the pathogen must be produced synthetically. The break\u00adthrough in the synthetic reproduction of the virus was achieved by a research team at the Universi\u00adty of Bern (Switzerland) with the aid of BINDER ultra-low temperature deep freezers.<\/p>\n<p>These laboratory appliances must sustainably and reliably maintain tem\u00adperatures lower than -86 \u00b0C. These temperature retention characteristics can be guaranteed by fitting va-Q-tec\u2019s vacuum insulation panels (VIPs) in an energy and cost-efficient manner. Due to the ten-times better insu\u00adlation than conventional insulation materials, the panels make it possible to manufacture freezers with thinner walls. As a consequence the internal volume of the appliance increases and more samples can be placed in it.<\/p>\n<p>&nbsp;<\/p>\n            <\/div>\n        <\/div>\n    <\/div>\n<\/div>\n","protected":false},"excerpt":{"rendered":"","protected":false},"author":15,"featured_media":18004,"parent":21326,"menu_order":0,"comment_status":"closed","ping_status":"closed","template":"","meta":{"_acf_changed":false,"footnotes":""},"class_list":["post-19935","page","type-page","status-publish","has-post-thumbnail","hentry"],"acf":[],"yoast_head":"<!-- This site is optimized with the Yoast SEO plugin v25.7 - https:\/\/yoast.com\/wordpress\/plugins\/seo\/ -->\n<title>Application example: Case study BINDER \u25ba va-Q-tec<\/title>\n<meta name=\"description\" content=\"Find out more about the collaboration between va-Q-tec &amp; Binder \u25ba va-Q-tec \u2705 Click here to find out more about the advantages &amp; benefits!\" \/>\n<meta name=\"robots\" content=\"index, follow, max-snippet:-1, max-image-preview:large, max-video-preview:-1\" \/>\n<link rel=\"canonical\" href=\"https:\/\/www.va-q-tec.com\/en\/business-areas\/food-appliances\/application-examples-for-home-and-laboratory-equipment\/case-study-binder\/\" \/>\n<meta property=\"og:locale\" content=\"en_US\" \/>\n<meta property=\"og:type\" content=\"article\" \/>\n<meta property=\"og:title\" content=\"Application example: Case study BINDER \u25ba va-Q-tec\" \/>\n<meta property=\"og:description\" content=\"Find out more about the collaboration between va-Q-tec &amp; Binder \u25ba va-Q-tec \u2705 Click here to find out more about the advantages &amp; benefits!\" \/>\n<meta property=\"og:url\" content=\"https:\/\/www.va-q-tec.com\/en\/business-areas\/food-appliances\/application-examples-for-home-and-laboratory-equipment\/case-study-binder\/\" \/>\n<meta property=\"og:site_name\" content=\"va-Q-tec\" \/>\n<meta property=\"article:modified_time\" content=\"2024-08-01T13:14:38+00:00\" \/>\n<meta property=\"og:image\" content=\"https:\/\/www.va-q-tec.com\/wp-content\/uploads\/va-q-tec\/thumbs\/p.38_Header_Erfolgsgeschichte_BINDER-oxvaskwnffo17wfxeoqchn330c1m4lnhifav1vgcis.jpg\" \/>\n\t<meta property=\"og:image:width\" content=\"700\" \/>\n\t<meta property=\"og:image:height\" content=\"394\" \/>\n\t<meta property=\"og:image:type\" content=\"image\/jpeg\" \/>\n<meta name=\"twitter:card\" content=\"summary_large_image\" \/>\n<meta name=\"twitter:label1\" content=\"Est. reading time\" \/>\n\t<meta name=\"twitter:data1\" content=\"1 minute\" \/>\n<script type=\"application\/ld+json\" class=\"yoast-schema-graph\">{\"@context\":\"https:\/\/schema.org\",\"@graph\":[{\"@type\":\"WebPage\",\"@id\":\"https:\/\/www.va-q-tec.com\/en\/business-areas\/food-appliances\/application-examples-for-home-and-laboratory-equipment\/case-study-binder\/\",\"url\":\"https:\/\/www.va-q-tec.com\/en\/business-areas\/food-appliances\/application-examples-for-home-and-laboratory-equipment\/case-study-binder\/\",\"name\":\"Application example: Case study BINDER \u25ba va-Q-tec\",\"isPartOf\":{\"@id\":\"https:\/\/www.va-q-tec.com\/en\/#website\"},\"primaryImageOfPage\":{\"@id\":\"https:\/\/www.va-q-tec.com\/en\/business-areas\/food-appliances\/application-examples-for-home-and-laboratory-equipment\/case-study-binder\/#primaryimage\"},\"image\":{\"@id\":\"https:\/\/www.va-q-tec.com\/en\/business-areas\/food-appliances\/application-examples-for-home-and-laboratory-equipment\/case-study-binder\/#primaryimage\"},\"thumbnailUrl\":\"https:\/\/www.va-q-tec.com\/wp-content\/uploads\/va-q-tec\/thumbs\/p.38_Header_Erfolgsgeschichte_BINDER-oxvaskwnffo17wfxeoqchn330c1m4lnhifav1vgcis.jpg\",\"datePublished\":\"2023-07-13T10:21:37+00:00\",\"dateModified\":\"2024-08-01T13:14:38+00:00\",\"description\":\"Find out more about the collaboration between va-Q-tec & Binder \u25ba va-Q-tec \u2705 Click here to find out more about the advantages & benefits!\",\"breadcrumb\":{\"@id\":\"https:\/\/www.va-q-tec.com\/en\/business-areas\/food-appliances\/application-examples-for-home-and-laboratory-equipment\/case-study-binder\/#breadcrumb\"},\"inLanguage\":\"en-US\",\"potentialAction\":[{\"@type\":\"ReadAction\",\"target\":[\"https:\/\/www.va-q-tec.com\/en\/business-areas\/food-appliances\/application-examples-for-home-and-laboratory-equipment\/case-study-binder\/\"]}]},{\"@type\":\"ImageObject\",\"inLanguage\":\"en-US\",\"@id\":\"https:\/\/www.va-q-tec.com\/en\/business-areas\/food-appliances\/application-examples-for-home-and-laboratory-equipment\/case-study-binder\/#primaryimage\",\"url\":\"https:\/\/www.va-q-tec.com\/wp-content\/uploads\/va-q-tec\/thumbs\/p.38_Header_Erfolgsgeschichte_BINDER-oxvaskwnffo17wfxeoqchn330c1m4lnhifav1vgcis.jpg\",\"contentUrl\":\"https:\/\/www.va-q-tec.com\/wp-content\/uploads\/va-q-tec\/thumbs\/p.38_Header_Erfolgsgeschichte_BINDER-oxvaskwnffo17wfxeoqchn330c1m4lnhifav1vgcis.jpg\",\"width\":700,\"height\":394,\"caption\":\"Eine Reihe von industriellen Ger\u00e4ten, wahrscheinlich \u00d6fen oder K\u00fchlschr\u00e4nke, in verschiedenen Ansichten von geschlossen bis offen.\"},{\"@type\":\"BreadcrumbList\",\"@id\":\"https:\/\/www.va-q-tec.com\/en\/business-areas\/food-appliances\/application-examples-for-home-and-laboratory-equipment\/case-study-binder\/#breadcrumb\",\"itemListElement\":[{\"@type\":\"ListItem\",\"position\":1,\"name\":\"Home\",\"item\":\"https:\/\/www.va-q-tec.com\/en\/\"},{\"@type\":\"ListItem\",\"position\":2,\"name\":\"Business Areas\",\"item\":\"https:\/\/www.va-q-tec.com\/en\/business-areas\/\"},{\"@type\":\"ListItem\",\"position\":3,\"name\":\"Appliances\",\"item\":\"https:\/\/www.va-q-tec.com\/en\/business-areas\/food-appliances\/\"},{\"@type\":\"ListItem\",\"position\":4,\"name\":\"Application examples for Home and Laboratory Equipment\",\"item\":\"https:\/\/www.va-q-tec.com\/en\/business-areas\/food-appliances\/application-examples-for-home-and-laboratory-equipment\/\"},{\"@type\":\"ListItem\",\"position\":5,\"name\":\"Case Study BINDER\"}]},{\"@type\":\"WebSite\",\"@id\":\"https:\/\/www.va-q-tec.com\/en\/#website\",\"url\":\"https:\/\/www.va-q-tec.com\/en\/\",\"name\":\"va-Q-tec\",\"description\":\"We solve thermal Challenges\",\"publisher\":{\"@id\":\"https:\/\/www.va-q-tec.com\/en\/#organization\"},\"potentialAction\":[{\"@type\":\"SearchAction\",\"target\":{\"@type\":\"EntryPoint\",\"urlTemplate\":\"https:\/\/www.va-q-tec.com\/en\/?s={search_term_string}\"},\"query-input\":{\"@type\":\"PropertyValueSpecification\",\"valueRequired\":true,\"valueName\":\"search_term_string\"}}],\"inLanguage\":\"en-US\"},{\"@type\":\"Organization\",\"@id\":\"https:\/\/www.va-q-tec.com\/en\/#organization\",\"name\":\"va-Q-tec\",\"url\":\"https:\/\/www.va-q-tec.com\/en\/\",\"logo\":{\"@type\":\"ImageObject\",\"inLanguage\":\"en-US\",\"@id\":\"https:\/\/www.va-q-tec.com\/en\/#\/schema\/logo\/image\/\",\"url\":\"https:\/\/www.va-q-tec.com\/wp-content\/uploads\/va-Q-tec_Q_Logo_3c.png\",\"contentUrl\":\"https:\/\/www.va-q-tec.com\/wp-content\/uploads\/va-Q-tec_Q_Logo_3c.png\",\"width\":720,\"height\":720,\"caption\":\"va-Q-tec\"},\"image\":{\"@id\":\"https:\/\/www.va-q-tec.com\/en\/#\/schema\/logo\/image\/\"},\"sameAs\":[\"https:\/\/www.linkedin.com\/company\/va-q-tec\/\",\"https:\/\/www.instagram.com\/va_q_tec\/\",\"https:\/\/www.youtube.com\/channel\/UClLyKAwknuXYSg-SwFZfeSg\"]}]}<\/script>\n<!-- \/ Yoast SEO plugin. -->","yoast_head_json":{"title":"Application example: Case study BINDER \u25ba va-Q-tec","description":"Find out more about the collaboration between va-Q-tec & Binder \u25ba va-Q-tec \u2705 Click here to find out more about the advantages & benefits!","robots":{"index":"index","follow":"follow","max-snippet":"max-snippet:-1","max-image-preview":"max-image-preview:large","max-video-preview":"max-video-preview:-1"},"canonical":"https:\/\/www.va-q-tec.com\/en\/business-areas\/food-appliances\/application-examples-for-home-and-laboratory-equipment\/case-study-binder\/","og_locale":"en_US","og_type":"article","og_title":"Application example: Case study BINDER \u25ba va-Q-tec","og_description":"Find out more about the collaboration between va-Q-tec & Binder \u25ba va-Q-tec \u2705 Click here to find out more about the advantages & benefits!","og_url":"https:\/\/www.va-q-tec.com\/en\/business-areas\/food-appliances\/application-examples-for-home-and-laboratory-equipment\/case-study-binder\/","og_site_name":"va-Q-tec","article_modified_time":"2024-08-01T13:14:38+00:00","og_image":[{"width":700,"height":394,"url":"https:\/\/www.va-q-tec.com\/wp-content\/uploads\/va-q-tec\/thumbs\/p.38_Header_Erfolgsgeschichte_BINDER-oxvaskwnffo17wfxeoqchn330c1m4lnhifav1vgcis.jpg","type":"image\/jpeg"}],"twitter_card":"summary_large_image","twitter_misc":{"Est. reading time":"1 minute"},"schema":{"@context":"https:\/\/schema.org","@graph":[{"@type":"WebPage","@id":"https:\/\/www.va-q-tec.com\/en\/business-areas\/food-appliances\/application-examples-for-home-and-laboratory-equipment\/case-study-binder\/","url":"https:\/\/www.va-q-tec.com\/en\/business-areas\/food-appliances\/application-examples-for-home-and-laboratory-equipment\/case-study-binder\/","name":"Application example: Case study BINDER \u25ba va-Q-tec","isPartOf":{"@id":"https:\/\/www.va-q-tec.com\/en\/#website"},"primaryImageOfPage":{"@id":"https:\/\/www.va-q-tec.com\/en\/business-areas\/food-appliances\/application-examples-for-home-and-laboratory-equipment\/case-study-binder\/#primaryimage"},"image":{"@id":"https:\/\/www.va-q-tec.com\/en\/business-areas\/food-appliances\/application-examples-for-home-and-laboratory-equipment\/case-study-binder\/#primaryimage"},"thumbnailUrl":"https:\/\/www.va-q-tec.com\/wp-content\/uploads\/va-q-tec\/thumbs\/p.38_Header_Erfolgsgeschichte_BINDER-oxvaskwnffo17wfxeoqchn330c1m4lnhifav1vgcis.jpg","datePublished":"2023-07-13T10:21:37+00:00","dateModified":"2024-08-01T13:14:38+00:00","description":"Find out more about the collaboration between va-Q-tec & Binder \u25ba va-Q-tec \u2705 Click here to find out more about the advantages & benefits!","breadcrumb":{"@id":"https:\/\/www.va-q-tec.com\/en\/business-areas\/food-appliances\/application-examples-for-home-and-laboratory-equipment\/case-study-binder\/#breadcrumb"},"inLanguage":"en-US","potentialAction":[{"@type":"ReadAction","target":["https:\/\/www.va-q-tec.com\/en\/business-areas\/food-appliances\/application-examples-for-home-and-laboratory-equipment\/case-study-binder\/"]}]},{"@type":"ImageObject","inLanguage":"en-US","@id":"https:\/\/www.va-q-tec.com\/en\/business-areas\/food-appliances\/application-examples-for-home-and-laboratory-equipment\/case-study-binder\/#primaryimage","url":"https:\/\/www.va-q-tec.com\/wp-content\/uploads\/va-q-tec\/thumbs\/p.38_Header_Erfolgsgeschichte_BINDER-oxvaskwnffo17wfxeoqchn330c1m4lnhifav1vgcis.jpg","contentUrl":"https:\/\/www.va-q-tec.com\/wp-content\/uploads\/va-q-tec\/thumbs\/p.38_Header_Erfolgsgeschichte_BINDER-oxvaskwnffo17wfxeoqchn330c1m4lnhifav1vgcis.jpg","width":700,"height":394,"caption":"Eine Reihe von industriellen Ger\u00e4ten, wahrscheinlich \u00d6fen oder K\u00fchlschr\u00e4nke, in verschiedenen Ansichten von geschlossen bis offen."},{"@type":"BreadcrumbList","@id":"https:\/\/www.va-q-tec.com\/en\/business-areas\/food-appliances\/application-examples-for-home-and-laboratory-equipment\/case-study-binder\/#breadcrumb","itemListElement":[{"@type":"ListItem","position":1,"name":"Home","item":"https:\/\/www.va-q-tec.com\/en\/"},{"@type":"ListItem","position":2,"name":"Business Areas","item":"https:\/\/www.va-q-tec.com\/en\/business-areas\/"},{"@type":"ListItem","position":3,"name":"Appliances","item":"https:\/\/www.va-q-tec.com\/en\/business-areas\/food-appliances\/"},{"@type":"ListItem","position":4,"name":"Application examples for Home and Laboratory Equipment","item":"https:\/\/www.va-q-tec.com\/en\/business-areas\/food-appliances\/application-examples-for-home-and-laboratory-equipment\/"},{"@type":"ListItem","position":5,"name":"Case Study BINDER"}]},{"@type":"WebSite","@id":"https:\/\/www.va-q-tec.com\/en\/#website","url":"https:\/\/www.va-q-tec.com\/en\/","name":"va-Q-tec","description":"We solve thermal Challenges","publisher":{"@id":"https:\/\/www.va-q-tec.com\/en\/#organization"},"potentialAction":[{"@type":"SearchAction","target":{"@type":"EntryPoint","urlTemplate":"https:\/\/www.va-q-tec.com\/en\/?s={search_term_string}"},"query-input":{"@type":"PropertyValueSpecification","valueRequired":true,"valueName":"search_term_string"}}],"inLanguage":"en-US"},{"@type":"Organization","@id":"https:\/\/www.va-q-tec.com\/en\/#organization","name":"va-Q-tec","url":"https:\/\/www.va-q-tec.com\/en\/","logo":{"@type":"ImageObject","inLanguage":"en-US","@id":"https:\/\/www.va-q-tec.com\/en\/#\/schema\/logo\/image\/","url":"https:\/\/www.va-q-tec.com\/wp-content\/uploads\/va-Q-tec_Q_Logo_3c.png","contentUrl":"https:\/\/www.va-q-tec.com\/wp-content\/uploads\/va-Q-tec_Q_Logo_3c.png","width":720,"height":720,"caption":"va-Q-tec"},"image":{"@id":"https:\/\/www.va-q-tec.com\/en\/#\/schema\/logo\/image\/"},"sameAs":["https:\/\/www.linkedin.com\/company\/va-q-tec\/","https:\/\/www.instagram.com\/va_q_tec\/","https:\/\/www.youtube.com\/channel\/UClLyKAwknuXYSg-SwFZfeSg"]}]}},"_links":{"self":[{"href":"https:\/\/www.va-q-tec.com\/en\/wp-json\/wp\/v2\/pages\/19935","targetHints":{"allow":["GET"]}}],"collection":[{"href":"https:\/\/www.va-q-tec.com\/en\/wp-json\/wp\/v2\/pages"}],"about":[{"href":"https:\/\/www.va-q-tec.com\/en\/wp-json\/wp\/v2\/types\/page"}],"author":[{"embeddable":true,"href":"https:\/\/www.va-q-tec.com\/en\/wp-json\/wp\/v2\/users\/15"}],"replies":[{"embeddable":true,"href":"https:\/\/www.va-q-tec.com\/en\/wp-json\/wp\/v2\/comments?post=19935"}],"version-history":[{"count":41,"href":"https:\/\/www.va-q-tec.com\/en\/wp-json\/wp\/v2\/pages\/19935\/revisions"}],"predecessor-version":[{"id":59546,"href":"https:\/\/www.va-q-tec.com\/en\/wp-json\/wp\/v2\/pages\/19935\/revisions\/59546"}],"up":[{"embeddable":true,"href":"https:\/\/www.va-q-tec.com\/en\/wp-json\/wp\/v2\/pages\/21326"}],"wp:featuredmedia":[{"embeddable":true,"href":"https:\/\/www.va-q-tec.com\/en\/wp-json\/wp\/v2\/media\/18004"}],"wp:attachment":[{"href":"https:\/\/www.va-q-tec.com\/en\/wp-json\/wp\/v2\/media?parent=19935"}],"curies":[{"name":"wp","href":"https:\/\/api.w.org\/{rel}","templated":true}]}}