{"id":19769,"date":"2023-07-13T08:16:14","date_gmt":"2023-07-13T08:16:14","guid":{"rendered":"https:\/\/www.va-q-tec.com\/?page_id=19769"},"modified":"2024-05-08T10:15:45","modified_gmt":"2024-05-08T10:15:45","slug":"grand-tower-frankfurt","status":"publish","type":"page","link":"https:\/\/www.va-q-tec.com\/en\/business-areas\/construction\/application-examples-for-construction\/grand-tower-frankfurt\/","title":{"rendered":"Grand Tower Frankfurt"},"content":{"rendered":"\n<div id=\"page-headline-block_64b4db945fe34\" class=\"widget widget-page-headline widget--space-before-medium widget--space-after-none\">\n            <div class=\"widget__header\">\n            <div class=\"container\">\n                <div class=\"title\">\n                                            <div class=\"topline\">\n                            <div class=\"breadcrumbs\">\n                <div class=\"container\">\n                    <div class=\"row\">\n                        <div class=\"breadcrumbs__items\">\n                            <div class=\"breadcrumbs__content\">\n                                <div class=\"breadcrumbs__item\"><\/div>\n                            <\/div>\n                        <\/div>\n                    <\/div>\n                <\/div>\n            <\/div>                        <\/div>\n                                                                <div class=\"headline\">\n                            <h1>Grand Tower Frankfurt<\/h1>\n                        <\/div>\n                                                        <\/div>\n            <\/div>\n        <\/div>\n    <\/div>\n\n\n\n<div id=\"text-with-image-block_64b4db9a5fe35\" class=\"widget widget-text-with-image image-float-right columns-default widget--space-before-medium widget--space-after-medium\">\n            <div class=\"widget__header\">\n            <div class=\"container\">\n                                                    <div class=\"image\"><img loading=\"lazy\" decoding=\"async\" width=\"400\" height=\"600\" src=\"https:\/\/www.va-q-tec.com\/wp-content\/uploads\/Grand-Tower-FFM-1.jpg\" class=\"attachment-large size-large\" alt=\"Ein modernes Hochhaus ragt in der D\u00e4mmerung \u00fcber einer belebten Stadtstra\u00dfe empor.\" srcset=\"https:\/\/www.va-q-tec.com\/wp-content\/uploads\/Grand-Tower-FFM-1.jpg 400w, https:\/\/www.va-q-tec.com\/wp-content\/uploads\/Grand-Tower-FFM-1-200x300.jpg 200w\" sizes=\"auto, (max-width: 400px) 100vw, 400px\" \/><\/div>\n                                                    <div class=\"richtext text-medium\">\n                        <h2>va-Q-tec insulates parts of the Grand Tower Frankfurt facade<\/h2>\n<p>Living in the city, working around the corner, insulating with vacuum panels: a triad which should be part of the future. After all, population figures in many large cities have been exploding for years. At the same time, space is very limited there, so every square meter of residential and commercial space counts \u2013 for each individual as well as for society as a whole.<\/p>\n<p>A prestige object that impressively demonstrates this fact is the Grand Tower Frankfurt \u2013 the tallest residential building in Germany. With 172 meters and 401 apartments, the skyscraper rises up from the heart of the banking metropolis on the edge of the Europaviertel neighborhood and is insulated with our vacuum insulation panels (VIPs) \u2013 exactly at the points on the facade where supply shafts make it particularly narrow. \u201cAlthough this is only a 1.25 meter wide strip of wall per apartment, which houses the building services, among other things,\u201d says Ronald Ellebrecht, who supervised the project as Key Account Manager, \u201cbut extrapolated to the 47 floors with an average of nine apartments per level, a tidy area comes together.\u201d<\/p>\n<p>The highlight: 50 mm thick VIPs are used. Ordinary insulation boards would be about 250 mm thick in this case \u2013 with identical low energy values. \u201cIn the Grand Tower, this difference makes up slightly less than three square meters of living space per floor,\u201d explains Ellebrecht. \u201cWith 47 floors, the space savings add up to around 123 square meters.\u201d This corresponds to a spacious apartment, which has its price in a booming city center like Frankfurt. \u201cThe purchase price for one square meter in the Grand Tower is between \u20ac5,000 and \u20ac15,000,\u201d reports Ellebrecht. Not least for this reason, insulation with VIPs is extremely interesting from an economic point of view for building owners, says the expert and mentions further arguments in favour of this innovative insulation technology: \u201cYou achieve optimum passive house values that meet the highest ecological standards \u2013 and also from a purely visual point of view it is an added bonus if there isn\u2019t a corner protruding into the living room.<\/p>\n<p>Speaking of looks: The award-winning Grand Tower, which was realised under the leadership of Berlin-based gsp St\u00e4dtebau, is also an absolute eye-catcher because it features many organically shaped units, so-called \u201ctubes\u201d. This facade shape also has other advantages \u2013 including that the skyscraper is better protected from wind and direct sunlight. At the same time, it captures a particularly large amount of daylight. \u201cThis requirement initially presented us with a major hurdle, as we had previously only had panel-shaped building VIPs in our range,\u201d explains Ronald Ellebrecht. But our engineers successfully developed curved VIPs on their own initiative, which are produced at our headquarters in W\u00fcrzburg. \u201cThis is another technological leap forward for us.\u201d The VIPs are directly integrated into glass facade systems at the facade manufacturer RIVA GmbH Engineering in Backnang, Swabia. \u201cThese can then easily be fitted to the Grand Tower on site, \u201d emphasizes Ellebrecht. The pressure-stable core material consists of a pressed, microporous powder. The interior is packed and evacuated, i.e. the air is removed, creating a vacuum, by means of a high-barrier film using a special process to make it air-tight.<\/p>\n                    <\/div>\n                            <\/div>\n        <\/div>\n    <\/div>\n","protected":false},"excerpt":{"rendered":"","protected":false},"author":15,"featured_media":6774,"parent":20975,"menu_order":0,"comment_status":"closed","ping_status":"closed","template":"","meta":{"_acf_changed":false,"footnotes":""},"class_list":["post-19769","page","type-page","status-publish","has-post-thumbnail","hentry"],"acf":[],"yoast_head":"<!-- This site is optimized with the Yoast SEO plugin v25.7 - https:\/\/yoast.com\/wordpress\/plugins\/seo\/ -->\n<title>Application examples: Grand Tower Frankfurt \u25ba va-Q-tec<\/title>\n<meta name=\"description\" content=\"Space saving, low energy values &amp; organic shapes \u25ba va-Q-tec \u2705 Read more about the advantages in the Grand Tower Frankfurt!\" \/>\n<meta name=\"robots\" content=\"index, follow, max-snippet:-1, max-image-preview:large, max-video-preview:-1\" \/>\n<link rel=\"canonical\" href=\"https:\/\/www.va-q-tec.com\/en\/business-areas\/construction\/application-examples-for-construction\/grand-tower-frankfurt\/\" \/>\n<meta property=\"og:locale\" content=\"en_US\" \/>\n<meta property=\"og:type\" content=\"article\" \/>\n<meta property=\"og:title\" content=\"Application examples: Grand Tower Frankfurt \u25ba va-Q-tec\" \/>\n<meta property=\"og:description\" content=\"Space saving, low energy values &amp; organic shapes \u25ba va-Q-tec \u2705 Read more about the advantages in the Grand Tower Frankfurt!\" \/>\n<meta property=\"og:url\" content=\"https:\/\/www.va-q-tec.com\/en\/business-areas\/construction\/application-examples-for-construction\/grand-tower-frankfurt\/\" \/>\n<meta property=\"og:site_name\" content=\"va-Q-tec\" \/>\n<meta property=\"article:modified_time\" content=\"2024-05-08T10:15:45+00:00\" \/>\n<meta property=\"og:image\" content=\"https:\/\/www.va-q-tec.com\/wp-content\/uploads\/Grand-Tower-Frankfurt_Seite18.jpg\" \/>\n\t<meta property=\"og:image:width\" content=\"1340\" \/>\n\t<meta property=\"og:image:height\" content=\"754\" \/>\n\t<meta property=\"og:image:type\" content=\"image\/jpeg\" \/>\n<meta name=\"twitter:card\" content=\"summary_large_image\" \/>\n<script type=\"application\/ld+json\" class=\"yoast-schema-graph\">{\"@context\":\"https:\/\/schema.org\",\"@graph\":[{\"@type\":\"WebPage\",\"@id\":\"https:\/\/www.va-q-tec.com\/en\/business-areas\/construction\/application-examples-for-construction\/grand-tower-frankfurt\/\",\"url\":\"https:\/\/www.va-q-tec.com\/en\/business-areas\/construction\/application-examples-for-construction\/grand-tower-frankfurt\/\",\"name\":\"Application examples: Grand Tower Frankfurt \u25ba va-Q-tec\",\"isPartOf\":{\"@id\":\"https:\/\/www.va-q-tec.com\/en\/#website\"},\"primaryImageOfPage\":{\"@id\":\"https:\/\/www.va-q-tec.com\/en\/business-areas\/construction\/application-examples-for-construction\/grand-tower-frankfurt\/#primaryimage\"},\"image\":{\"@id\":\"https:\/\/www.va-q-tec.com\/en\/business-areas\/construction\/application-examples-for-construction\/grand-tower-frankfurt\/#primaryimage\"},\"thumbnailUrl\":\"https:\/\/www.va-q-tec.com\/wp-content\/uploads\/Grand-Tower-Frankfurt_Seite18.jpg\",\"datePublished\":\"2023-07-13T08:16:14+00:00\",\"dateModified\":\"2024-05-08T10:15:45+00:00\",\"description\":\"Space saving, low energy values & organic shapes \u25ba va-Q-tec \u2705 Read more about the advantages in the Grand Tower Frankfurt!\",\"breadcrumb\":{\"@id\":\"https:\/\/www.va-q-tec.com\/en\/business-areas\/construction\/application-examples-for-construction\/grand-tower-frankfurt\/#breadcrumb\"},\"inLanguage\":\"en-US\",\"potentialAction\":[{\"@type\":\"ReadAction\",\"target\":[\"https:\/\/www.va-q-tec.com\/en\/business-areas\/construction\/application-examples-for-construction\/grand-tower-frankfurt\/\"]}]},{\"@type\":\"ImageObject\",\"inLanguage\":\"en-US\",\"@id\":\"https:\/\/www.va-q-tec.com\/en\/business-areas\/construction\/application-examples-for-construction\/grand-tower-frankfurt\/#primaryimage\",\"url\":\"https:\/\/www.va-q-tec.com\/wp-content\/uploads\/Grand-Tower-Frankfurt_Seite18.jpg\",\"contentUrl\":\"https:\/\/www.va-q-tec.com\/wp-content\/uploads\/Grand-Tower-Frankfurt_Seite18.jpg\",\"width\":1340,\"height\":754,\"caption\":\"Eine moderne Skyline bei Sonnenuntergang mit einem markanten, gewellten Hochhaus als Blickfang.\"},{\"@type\":\"BreadcrumbList\",\"@id\":\"https:\/\/www.va-q-tec.com\/en\/business-areas\/construction\/application-examples-for-construction\/grand-tower-frankfurt\/#breadcrumb\",\"itemListElement\":[{\"@type\":\"ListItem\",\"position\":1,\"name\":\"Home\",\"item\":\"https:\/\/www.va-q-tec.com\/en\/\"},{\"@type\":\"ListItem\",\"position\":2,\"name\":\"Business Areas\",\"item\":\"https:\/\/www.va-q-tec.com\/en\/business-areas\/\"},{\"@type\":\"ListItem\",\"position\":3,\"name\":\"Construction\",\"item\":\"https:\/\/www.va-q-tec.com\/en\/business-areas\/construction\/\"},{\"@type\":\"ListItem\",\"position\":4,\"name\":\"Application Examples for Construction\",\"item\":\"https:\/\/www.va-q-tec.com\/en\/business-areas\/construction\/application-examples-for-construction\/\"},{\"@type\":\"ListItem\",\"position\":5,\"name\":\"Grand Tower Frankfurt\"}]},{\"@type\":\"WebSite\",\"@id\":\"https:\/\/www.va-q-tec.com\/en\/#website\",\"url\":\"https:\/\/www.va-q-tec.com\/en\/\",\"name\":\"va-Q-tec\",\"description\":\"We solve thermal Challenges\",\"publisher\":{\"@id\":\"https:\/\/www.va-q-tec.com\/en\/#organization\"},\"potentialAction\":[{\"@type\":\"SearchAction\",\"target\":{\"@type\":\"EntryPoint\",\"urlTemplate\":\"https:\/\/www.va-q-tec.com\/en\/?s={search_term_string}\"},\"query-input\":{\"@type\":\"PropertyValueSpecification\",\"valueRequired\":true,\"valueName\":\"search_term_string\"}}],\"inLanguage\":\"en-US\"},{\"@type\":\"Organization\",\"@id\":\"https:\/\/www.va-q-tec.com\/en\/#organization\",\"name\":\"va-Q-tec\",\"url\":\"https:\/\/www.va-q-tec.com\/en\/\",\"logo\":{\"@type\":\"ImageObject\",\"inLanguage\":\"en-US\",\"@id\":\"https:\/\/www.va-q-tec.com\/en\/#\/schema\/logo\/image\/\",\"url\":\"https:\/\/www.va-q-tec.com\/wp-content\/uploads\/va-Q-tec_Q_Logo_3c.png\",\"contentUrl\":\"https:\/\/www.va-q-tec.com\/wp-content\/uploads\/va-Q-tec_Q_Logo_3c.png\",\"width\":720,\"height\":720,\"caption\":\"va-Q-tec\"},\"image\":{\"@id\":\"https:\/\/www.va-q-tec.com\/en\/#\/schema\/logo\/image\/\"},\"sameAs\":[\"https:\/\/www.linkedin.com\/company\/va-q-tec\/\",\"https:\/\/www.instagram.com\/va_q_tec\/\",\"https:\/\/www.youtube.com\/channel\/UClLyKAwknuXYSg-SwFZfeSg\"]}]}<\/script>\n<!-- \/ Yoast SEO plugin. -->","yoast_head_json":{"title":"Application examples: Grand Tower Frankfurt \u25ba va-Q-tec","description":"Space saving, low energy values & organic shapes \u25ba va-Q-tec \u2705 Read more about the advantages in the Grand Tower Frankfurt!","robots":{"index":"index","follow":"follow","max-snippet":"max-snippet:-1","max-image-preview":"max-image-preview:large","max-video-preview":"max-video-preview:-1"},"canonical":"https:\/\/www.va-q-tec.com\/en\/business-areas\/construction\/application-examples-for-construction\/grand-tower-frankfurt\/","og_locale":"en_US","og_type":"article","og_title":"Application examples: Grand Tower Frankfurt \u25ba va-Q-tec","og_description":"Space saving, low energy values & organic shapes \u25ba va-Q-tec \u2705 Read more about the advantages in the Grand Tower Frankfurt!","og_url":"https:\/\/www.va-q-tec.com\/en\/business-areas\/construction\/application-examples-for-construction\/grand-tower-frankfurt\/","og_site_name":"va-Q-tec","article_modified_time":"2024-05-08T10:15:45+00:00","og_image":[{"width":1340,"height":754,"url":"https:\/\/www.va-q-tec.com\/wp-content\/uploads\/Grand-Tower-Frankfurt_Seite18.jpg","type":"image\/jpeg"}],"twitter_card":"summary_large_image","schema":{"@context":"https:\/\/schema.org","@graph":[{"@type":"WebPage","@id":"https:\/\/www.va-q-tec.com\/en\/business-areas\/construction\/application-examples-for-construction\/grand-tower-frankfurt\/","url":"https:\/\/www.va-q-tec.com\/en\/business-areas\/construction\/application-examples-for-construction\/grand-tower-frankfurt\/","name":"Application examples: Grand Tower Frankfurt \u25ba va-Q-tec","isPartOf":{"@id":"https:\/\/www.va-q-tec.com\/en\/#website"},"primaryImageOfPage":{"@id":"https:\/\/www.va-q-tec.com\/en\/business-areas\/construction\/application-examples-for-construction\/grand-tower-frankfurt\/#primaryimage"},"image":{"@id":"https:\/\/www.va-q-tec.com\/en\/business-areas\/construction\/application-examples-for-construction\/grand-tower-frankfurt\/#primaryimage"},"thumbnailUrl":"https:\/\/www.va-q-tec.com\/wp-content\/uploads\/Grand-Tower-Frankfurt_Seite18.jpg","datePublished":"2023-07-13T08:16:14+00:00","dateModified":"2024-05-08T10:15:45+00:00","description":"Space saving, low energy values & organic shapes \u25ba va-Q-tec \u2705 Read more about the advantages in the Grand Tower Frankfurt!","breadcrumb":{"@id":"https:\/\/www.va-q-tec.com\/en\/business-areas\/construction\/application-examples-for-construction\/grand-tower-frankfurt\/#breadcrumb"},"inLanguage":"en-US","potentialAction":[{"@type":"ReadAction","target":["https:\/\/www.va-q-tec.com\/en\/business-areas\/construction\/application-examples-for-construction\/grand-tower-frankfurt\/"]}]},{"@type":"ImageObject","inLanguage":"en-US","@id":"https:\/\/www.va-q-tec.com\/en\/business-areas\/construction\/application-examples-for-construction\/grand-tower-frankfurt\/#primaryimage","url":"https:\/\/www.va-q-tec.com\/wp-content\/uploads\/Grand-Tower-Frankfurt_Seite18.jpg","contentUrl":"https:\/\/www.va-q-tec.com\/wp-content\/uploads\/Grand-Tower-Frankfurt_Seite18.jpg","width":1340,"height":754,"caption":"Eine moderne Skyline bei Sonnenuntergang mit einem markanten, gewellten Hochhaus als Blickfang."},{"@type":"BreadcrumbList","@id":"https:\/\/www.va-q-tec.com\/en\/business-areas\/construction\/application-examples-for-construction\/grand-tower-frankfurt\/#breadcrumb","itemListElement":[{"@type":"ListItem","position":1,"name":"Home","item":"https:\/\/www.va-q-tec.com\/en\/"},{"@type":"ListItem","position":2,"name":"Business Areas","item":"https:\/\/www.va-q-tec.com\/en\/business-areas\/"},{"@type":"ListItem","position":3,"name":"Construction","item":"https:\/\/www.va-q-tec.com\/en\/business-areas\/construction\/"},{"@type":"ListItem","position":4,"name":"Application Examples for Construction","item":"https:\/\/www.va-q-tec.com\/en\/business-areas\/construction\/application-examples-for-construction\/"},{"@type":"ListItem","position":5,"name":"Grand Tower Frankfurt"}]},{"@type":"WebSite","@id":"https:\/\/www.va-q-tec.com\/en\/#website","url":"https:\/\/www.va-q-tec.com\/en\/","name":"va-Q-tec","description":"We solve thermal Challenges","publisher":{"@id":"https:\/\/www.va-q-tec.com\/en\/#organization"},"potentialAction":[{"@type":"SearchAction","target":{"@type":"EntryPoint","urlTemplate":"https:\/\/www.va-q-tec.com\/en\/?s={search_term_string}"},"query-input":{"@type":"PropertyValueSpecification","valueRequired":true,"valueName":"search_term_string"}}],"inLanguage":"en-US"},{"@type":"Organization","@id":"https:\/\/www.va-q-tec.com\/en\/#organization","name":"va-Q-tec","url":"https:\/\/www.va-q-tec.com\/en\/","logo":{"@type":"ImageObject","inLanguage":"en-US","@id":"https:\/\/www.va-q-tec.com\/en\/#\/schema\/logo\/image\/","url":"https:\/\/www.va-q-tec.com\/wp-content\/uploads\/va-Q-tec_Q_Logo_3c.png","contentUrl":"https:\/\/www.va-q-tec.com\/wp-content\/uploads\/va-Q-tec_Q_Logo_3c.png","width":720,"height":720,"caption":"va-Q-tec"},"image":{"@id":"https:\/\/www.va-q-tec.com\/en\/#\/schema\/logo\/image\/"},"sameAs":["https:\/\/www.linkedin.com\/company\/va-q-tec\/","https:\/\/www.instagram.com\/va_q_tec\/","https:\/\/www.youtube.com\/channel\/UClLyKAwknuXYSg-SwFZfeSg"]}]}},"_links":{"self":[{"href":"https:\/\/www.va-q-tec.com\/en\/wp-json\/wp\/v2\/pages\/19769","targetHints":{"allow":["GET"]}}],"collection":[{"href":"https:\/\/www.va-q-tec.com\/en\/wp-json\/wp\/v2\/pages"}],"about":[{"href":"https:\/\/www.va-q-tec.com\/en\/wp-json\/wp\/v2\/types\/page"}],"author":[{"embeddable":true,"href":"https:\/\/www.va-q-tec.com\/en\/wp-json\/wp\/v2\/users\/15"}],"replies":[{"embeddable":true,"href":"https:\/\/www.va-q-tec.com\/en\/wp-json\/wp\/v2\/comments?post=19769"}],"version-history":[{"count":7,"href":"https:\/\/www.va-q-tec.com\/en\/wp-json\/wp\/v2\/pages\/19769\/revisions"}],"predecessor-version":[{"id":20987,"href":"https:\/\/www.va-q-tec.com\/en\/wp-json\/wp\/v2\/pages\/19769\/revisions\/20987"}],"up":[{"embeddable":true,"href":"https:\/\/www.va-q-tec.com\/en\/wp-json\/wp\/v2\/pages\/20975"}],"wp:featuredmedia":[{"embeddable":true,"href":"https:\/\/www.va-q-tec.com\/en\/wp-json\/wp\/v2\/media\/6774"}],"wp:attachment":[{"href":"https:\/\/www.va-q-tec.com\/en\/wp-json\/wp\/v2\/media?parent=19769"}],"curies":[{"name":"wp","href":"https:\/\/api.w.org\/{rel}","templated":true}]}}