{"id":19745,"date":"2023-07-13T08:06:20","date_gmt":"2023-07-13T08:06:20","guid":{"rendered":"https:\/\/www.va-q-tec.com\/?page_id=19745"},"modified":"2024-05-08T10:17:31","modified_gmt":"2024-05-08T10:17:31","slug":"roof","status":"publish","type":"page","link":"https:\/\/www.va-q-tec.com\/en\/business-areas\/construction\/roof\/","title":{"rendered":"Roof"},"content":{"rendered":"\n<div id=\"page-headline-block_64c75743fd999\" class=\"widget widget-page-headline widget--space-before-medium widget--space-after-none\">\n            <div class=\"widget__header\">\n            <div class=\"container\">\n                <div class=\"title\">\n                                            <div class=\"topline\">\n                            <div class=\"breadcrumbs\">\n                <div class=\"container\">\n                    <div class=\"row\">\n                        <div class=\"breadcrumbs__items\">\n                            <div class=\"breadcrumbs__content\">\n                                <div class=\"breadcrumbs__item\"><\/div>\n                            <\/div>\n                        <\/div>\n                    <\/div>\n                <\/div>\n            <\/div>                        <\/div>\n                                                                <div class=\"headline\">\n                            <h1>Roof<\/h1>\n                        <\/div>\n                                                        <\/div>\n            <\/div>\n        <\/div>\n    <\/div>\n\n\n\n<div id=\"image-block_64c75746fd99a\" class=\"widget widget-image widget--space-before-medium widget--space-after-none\">\n            <div class=\"widget__middle\">\n            <div class=\"container\">\n                <div class=\"image\"><img loading=\"lazy\" decoding=\"async\" width=\"1024\" height=\"445\" src=\"https:\/\/www.va-q-tec.com\/wp-content\/uploads\/Falchdach1_Header-1-1024x445.jpg\" class=\"attachment-large size-large\" alt=\"Ein flaches Dach eines modernen Geb\u00e4udes umgeben von gr\u00fcner Landschaft.\" srcset=\"https:\/\/www.va-q-tec.com\/wp-content\/uploads\/Falchdach1_Header-1-1024x445.jpg 1024w, https:\/\/www.va-q-tec.com\/wp-content\/uploads\/Falchdach1_Header-1-300x130.jpg 300w, https:\/\/www.va-q-tec.com\/wp-content\/uploads\/Falchdach1_Header-1-768x334.jpg 768w, https:\/\/www.va-q-tec.com\/wp-content\/uploads\/Falchdach1_Header-1-480x209.jpg 480w, https:\/\/www.va-q-tec.com\/wp-content\/uploads\/Falchdach1_Header-1-200x87.jpg 200w, https:\/\/www.va-q-tec.com\/wp-content\/uploads\/Falchdach1_Header-1.jpg 1150w\" sizes=\"auto, (max-width: 1024px) 100vw, 1024px\" \/><\/div>\n            <\/div>\n        <\/div>\n    <\/div>\n\n\n\n<div id=\"text-with-image-block_64c7574afd99b\" class=\"widget widget-text-with-image image-float-right columns-default widget--space-before-medium widget--space-after-medium\">\n            <div class=\"widget__header\">\n            <div class=\"container\">\n                                                    <div class=\"image\"><img loading=\"lazy\" decoding=\"async\" width=\"500\" height=\"281\" src=\"https:\/\/www.va-q-tec.com\/wp-content\/uploads\/Dach_Zusatz.jpg\" class=\"attachment-large size-large\" alt=\"Arbeiter installieren Dachplatten auf dem Ger\u00fcst eines Hauses.\" srcset=\"https:\/\/www.va-q-tec.com\/wp-content\/uploads\/Dach_Zusatz.jpg 500w, https:\/\/www.va-q-tec.com\/wp-content\/uploads\/Dach_Zusatz-300x169.jpg 300w, https:\/\/www.va-q-tec.com\/wp-content\/uploads\/Dach_Zusatz-480x270.jpg 480w, https:\/\/www.va-q-tec.com\/wp-content\/uploads\/Dach_Zusatz-200x112.jpg 200w\" sizes=\"auto, (max-width: 500px) 100vw, 500px\" \/><\/div>\n                                                    <div class=\"richtext text-medium\">\n                        <p>The insulation of flat roofs with vacuum insulation panels (VIPs) is easy to perform. In the pitched roof area, various design variants are possible when using VIPs to create sensible and efficient insulation solutions. Potential fields of application include:<\/p>\n<ul>\n<li>External insulation with VIPs for renovations: the VIP is installed into the rafter fields from the outside and supported by a sub-roof made of hydrophobic wood fibreboards.<\/li>\n<li>Insulation of the wall crown with VIPs on the gable wall: The VIPs are installed from the outside.<\/li>\n<li>Under-rafter insulation with VIPs on the inside for new and old buildings<\/li>\n<\/ul>\n<p>The respective design variant must be planned and supervised by our project manager in compliance with the applicable DIN standard applicable. It must also be ensured that no moisture penetrates the insulation level, as this can shorten the service life of the VIPs. The additional installation of a waterproof protective foil is therefore absolutely necessary.<\/p>\n                    <\/div>\n                            <\/div>\n        <\/div>\n    <\/div>\n","protected":false},"excerpt":{"rendered":"","protected":false},"author":15,"featured_media":5975,"parent":19692,"menu_order":0,"comment_status":"closed","ping_status":"closed","template":"","meta":{"_acf_changed":false,"footnotes":""},"class_list":["post-19745","page","type-page","status-publish","has-post-thumbnail","hentry"],"acf":[],"yoast_head":"<!-- This site is optimized with the Yoast SEO plugin v25.7 - https:\/\/yoast.com\/wordpress\/plugins\/seo\/ -->\n<title>Vacuum insulation for roofs \u25ba va-Q-tec.com<\/title>\n<meta name=\"description\" content=\"Vacuum insulation panels for flat &amp; pitched roofs \u25ba va-Q-tec \u2705 Energy-efficient \u2713 Low insulation thickness \u2713 Made in Germany! Find out more now!\" \/>\n<meta name=\"robots\" content=\"index, follow, max-snippet:-1, max-image-preview:large, max-video-preview:-1\" \/>\n<link rel=\"canonical\" href=\"https:\/\/www.va-q-tec.com\/en\/business-areas\/construction\/roof\/\" \/>\n<meta property=\"og:locale\" content=\"en_US\" \/>\n<meta property=\"og:type\" content=\"article\" \/>\n<meta property=\"og:title\" content=\"Vacuum insulation for roofs \u25ba va-Q-tec.com\" \/>\n<meta property=\"og:description\" content=\"Vacuum insulation panels for flat &amp; pitched roofs \u25ba va-Q-tec \u2705 Energy-efficient \u2713 Low insulation thickness \u2713 Made in Germany! Find out more now!\" \/>\n<meta property=\"og:url\" content=\"https:\/\/www.va-q-tec.com\/en\/business-areas\/construction\/roof\/\" \/>\n<meta property=\"og:site_name\" content=\"va-Q-tec\" \/>\n<meta property=\"article:modified_time\" content=\"2024-05-08T10:17:31+00:00\" \/>\n<meta property=\"og:image\" content=\"https:\/\/www.va-q-tec.com\/wp-content\/uploads\/Falchdach1_Kachel-1.jpg\" \/>\n\t<meta property=\"og:image:width\" content=\"400\" \/>\n\t<meta property=\"og:image:height\" content=\"330\" \/>\n\t<meta property=\"og:image:type\" content=\"image\/jpeg\" \/>\n<meta name=\"twitter:card\" content=\"summary_large_image\" \/>\n<script type=\"application\/ld+json\" class=\"yoast-schema-graph\">{\"@context\":\"https:\/\/schema.org\",\"@graph\":[{\"@type\":\"WebPage\",\"@id\":\"https:\/\/www.va-q-tec.com\/en\/business-areas\/construction\/roof\/\",\"url\":\"https:\/\/www.va-q-tec.com\/en\/business-areas\/construction\/roof\/\",\"name\":\"Vacuum insulation for roofs \u25ba va-Q-tec.com\",\"isPartOf\":{\"@id\":\"https:\/\/www.va-q-tec.com\/en\/#website\"},\"primaryImageOfPage\":{\"@id\":\"https:\/\/www.va-q-tec.com\/en\/business-areas\/construction\/roof\/#primaryimage\"},\"image\":{\"@id\":\"https:\/\/www.va-q-tec.com\/en\/business-areas\/construction\/roof\/#primaryimage\"},\"thumbnailUrl\":\"https:\/\/www.va-q-tec.com\/wp-content\/uploads\/Falchdach1_Kachel-1.jpg\",\"datePublished\":\"2023-07-13T08:06:20+00:00\",\"dateModified\":\"2024-05-08T10:17:31+00:00\",\"description\":\"Vacuum insulation panels for flat & pitched roofs \u25ba va-Q-tec \u2705 Energy-efficient \u2713 Low insulation thickness \u2713 Made in Germany! Find out more now!\",\"breadcrumb\":{\"@id\":\"https:\/\/www.va-q-tec.com\/en\/business-areas\/construction\/roof\/#breadcrumb\"},\"inLanguage\":\"en-US\",\"potentialAction\":[{\"@type\":\"ReadAction\",\"target\":[\"https:\/\/www.va-q-tec.com\/en\/business-areas\/construction\/roof\/\"]}]},{\"@type\":\"ImageObject\",\"inLanguage\":\"en-US\",\"@id\":\"https:\/\/www.va-q-tec.com\/en\/business-areas\/construction\/roof\/#primaryimage\",\"url\":\"https:\/\/www.va-q-tec.com\/wp-content\/uploads\/Falchdach1_Kachel-1.jpg\",\"contentUrl\":\"https:\/\/www.va-q-tec.com\/wp-content\/uploads\/Falchdach1_Kachel-1.jpg\",\"width\":400,\"height\":330,\"caption\":\"Es ist die Illustration eines modernen B\u00fcrogeb\u00e4udes mit vielen Fenstern, umgeben von gr\u00fcner Vegetation.\"},{\"@type\":\"BreadcrumbList\",\"@id\":\"https:\/\/www.va-q-tec.com\/en\/business-areas\/construction\/roof\/#breadcrumb\",\"itemListElement\":[{\"@type\":\"ListItem\",\"position\":1,\"name\":\"Home\",\"item\":\"https:\/\/www.va-q-tec.com\/en\/\"},{\"@type\":\"ListItem\",\"position\":2,\"name\":\"Business Areas\",\"item\":\"https:\/\/www.va-q-tec.com\/en\/business-areas\/\"},{\"@type\":\"ListItem\",\"position\":3,\"name\":\"Construction\",\"item\":\"https:\/\/www.va-q-tec.com\/en\/business-areas\/construction\/\"},{\"@type\":\"ListItem\",\"position\":4,\"name\":\"Roof\"}]},{\"@type\":\"WebSite\",\"@id\":\"https:\/\/www.va-q-tec.com\/en\/#website\",\"url\":\"https:\/\/www.va-q-tec.com\/en\/\",\"name\":\"va-Q-tec\",\"description\":\"We solve thermal Challenges\",\"publisher\":{\"@id\":\"https:\/\/www.va-q-tec.com\/en\/#organization\"},\"potentialAction\":[{\"@type\":\"SearchAction\",\"target\":{\"@type\":\"EntryPoint\",\"urlTemplate\":\"https:\/\/www.va-q-tec.com\/en\/?s={search_term_string}\"},\"query-input\":{\"@type\":\"PropertyValueSpecification\",\"valueRequired\":true,\"valueName\":\"search_term_string\"}}],\"inLanguage\":\"en-US\"},{\"@type\":\"Organization\",\"@id\":\"https:\/\/www.va-q-tec.com\/en\/#organization\",\"name\":\"va-Q-tec\",\"url\":\"https:\/\/www.va-q-tec.com\/en\/\",\"logo\":{\"@type\":\"ImageObject\",\"inLanguage\":\"en-US\",\"@id\":\"https:\/\/www.va-q-tec.com\/en\/#\/schema\/logo\/image\/\",\"url\":\"https:\/\/www.va-q-tec.com\/wp-content\/uploads\/va-Q-tec_Q_Logo_3c.png\",\"contentUrl\":\"https:\/\/www.va-q-tec.com\/wp-content\/uploads\/va-Q-tec_Q_Logo_3c.png\",\"width\":720,\"height\":720,\"caption\":\"va-Q-tec\"},\"image\":{\"@id\":\"https:\/\/www.va-q-tec.com\/en\/#\/schema\/logo\/image\/\"},\"sameAs\":[\"https:\/\/www.linkedin.com\/company\/va-q-tec\/\",\"https:\/\/www.instagram.com\/va_q_tec\/\",\"https:\/\/www.youtube.com\/channel\/UClLyKAwknuXYSg-SwFZfeSg\"]}]}<\/script>\n<!-- \/ Yoast SEO plugin. -->","yoast_head_json":{"title":"Vacuum insulation for roofs \u25ba va-Q-tec.com","description":"Vacuum insulation panels for flat & pitched roofs \u25ba va-Q-tec \u2705 Energy-efficient \u2713 Low insulation thickness \u2713 Made in Germany! Find out more now!","robots":{"index":"index","follow":"follow","max-snippet":"max-snippet:-1","max-image-preview":"max-image-preview:large","max-video-preview":"max-video-preview:-1"},"canonical":"https:\/\/www.va-q-tec.com\/en\/business-areas\/construction\/roof\/","og_locale":"en_US","og_type":"article","og_title":"Vacuum insulation for roofs \u25ba va-Q-tec.com","og_description":"Vacuum insulation panels for flat & pitched roofs \u25ba va-Q-tec \u2705 Energy-efficient \u2713 Low insulation thickness \u2713 Made in Germany! Find out more now!","og_url":"https:\/\/www.va-q-tec.com\/en\/business-areas\/construction\/roof\/","og_site_name":"va-Q-tec","article_modified_time":"2024-05-08T10:17:31+00:00","og_image":[{"width":400,"height":330,"url":"https:\/\/www.va-q-tec.com\/wp-content\/uploads\/Falchdach1_Kachel-1.jpg","type":"image\/jpeg"}],"twitter_card":"summary_large_image","schema":{"@context":"https:\/\/schema.org","@graph":[{"@type":"WebPage","@id":"https:\/\/www.va-q-tec.com\/en\/business-areas\/construction\/roof\/","url":"https:\/\/www.va-q-tec.com\/en\/business-areas\/construction\/roof\/","name":"Vacuum insulation for roofs \u25ba va-Q-tec.com","isPartOf":{"@id":"https:\/\/www.va-q-tec.com\/en\/#website"},"primaryImageOfPage":{"@id":"https:\/\/www.va-q-tec.com\/en\/business-areas\/construction\/roof\/#primaryimage"},"image":{"@id":"https:\/\/www.va-q-tec.com\/en\/business-areas\/construction\/roof\/#primaryimage"},"thumbnailUrl":"https:\/\/www.va-q-tec.com\/wp-content\/uploads\/Falchdach1_Kachel-1.jpg","datePublished":"2023-07-13T08:06:20+00:00","dateModified":"2024-05-08T10:17:31+00:00","description":"Vacuum insulation panels for flat & pitched roofs \u25ba va-Q-tec \u2705 Energy-efficient \u2713 Low insulation thickness \u2713 Made in Germany! Find out more now!","breadcrumb":{"@id":"https:\/\/www.va-q-tec.com\/en\/business-areas\/construction\/roof\/#breadcrumb"},"inLanguage":"en-US","potentialAction":[{"@type":"ReadAction","target":["https:\/\/www.va-q-tec.com\/en\/business-areas\/construction\/roof\/"]}]},{"@type":"ImageObject","inLanguage":"en-US","@id":"https:\/\/www.va-q-tec.com\/en\/business-areas\/construction\/roof\/#primaryimage","url":"https:\/\/www.va-q-tec.com\/wp-content\/uploads\/Falchdach1_Kachel-1.jpg","contentUrl":"https:\/\/www.va-q-tec.com\/wp-content\/uploads\/Falchdach1_Kachel-1.jpg","width":400,"height":330,"caption":"Es ist die Illustration eines modernen B\u00fcrogeb\u00e4udes mit vielen Fenstern, umgeben von gr\u00fcner Vegetation."},{"@type":"BreadcrumbList","@id":"https:\/\/www.va-q-tec.com\/en\/business-areas\/construction\/roof\/#breadcrumb","itemListElement":[{"@type":"ListItem","position":1,"name":"Home","item":"https:\/\/www.va-q-tec.com\/en\/"},{"@type":"ListItem","position":2,"name":"Business Areas","item":"https:\/\/www.va-q-tec.com\/en\/business-areas\/"},{"@type":"ListItem","position":3,"name":"Construction","item":"https:\/\/www.va-q-tec.com\/en\/business-areas\/construction\/"},{"@type":"ListItem","position":4,"name":"Roof"}]},{"@type":"WebSite","@id":"https:\/\/www.va-q-tec.com\/en\/#website","url":"https:\/\/www.va-q-tec.com\/en\/","name":"va-Q-tec","description":"We solve thermal Challenges","publisher":{"@id":"https:\/\/www.va-q-tec.com\/en\/#organization"},"potentialAction":[{"@type":"SearchAction","target":{"@type":"EntryPoint","urlTemplate":"https:\/\/www.va-q-tec.com\/en\/?s={search_term_string}"},"query-input":{"@type":"PropertyValueSpecification","valueRequired":true,"valueName":"search_term_string"}}],"inLanguage":"en-US"},{"@type":"Organization","@id":"https:\/\/www.va-q-tec.com\/en\/#organization","name":"va-Q-tec","url":"https:\/\/www.va-q-tec.com\/en\/","logo":{"@type":"ImageObject","inLanguage":"en-US","@id":"https:\/\/www.va-q-tec.com\/en\/#\/schema\/logo\/image\/","url":"https:\/\/www.va-q-tec.com\/wp-content\/uploads\/va-Q-tec_Q_Logo_3c.png","contentUrl":"https:\/\/www.va-q-tec.com\/wp-content\/uploads\/va-Q-tec_Q_Logo_3c.png","width":720,"height":720,"caption":"va-Q-tec"},"image":{"@id":"https:\/\/www.va-q-tec.com\/en\/#\/schema\/logo\/image\/"},"sameAs":["https:\/\/www.linkedin.com\/company\/va-q-tec\/","https:\/\/www.instagram.com\/va_q_tec\/","https:\/\/www.youtube.com\/channel\/UClLyKAwknuXYSg-SwFZfeSg"]}]}},"_links":{"self":[{"href":"https:\/\/www.va-q-tec.com\/en\/wp-json\/wp\/v2\/pages\/19745","targetHints":{"allow":["GET"]}}],"collection":[{"href":"https:\/\/www.va-q-tec.com\/en\/wp-json\/wp\/v2\/pages"}],"about":[{"href":"https:\/\/www.va-q-tec.com\/en\/wp-json\/wp\/v2\/types\/page"}],"author":[{"embeddable":true,"href":"https:\/\/www.va-q-tec.com\/en\/wp-json\/wp\/v2\/users\/15"}],"replies":[{"embeddable":true,"href":"https:\/\/www.va-q-tec.com\/en\/wp-json\/wp\/v2\/comments?post=19745"}],"version-history":[{"count":7,"href":"https:\/\/www.va-q-tec.com\/en\/wp-json\/wp\/v2\/pages\/19745\/revisions"}],"predecessor-version":[{"id":25555,"href":"https:\/\/www.va-q-tec.com\/en\/wp-json\/wp\/v2\/pages\/19745\/revisions\/25555"}],"up":[{"embeddable":true,"href":"https:\/\/www.va-q-tec.com\/en\/wp-json\/wp\/v2\/pages\/19692"}],"wp:featuredmedia":[{"embeddable":true,"href":"https:\/\/www.va-q-tec.com\/en\/wp-json\/wp\/v2\/media\/5975"}],"wp:attachment":[{"href":"https:\/\/www.va-q-tec.com\/en\/wp-json\/wp\/v2\/media?parent=19745"}],"curies":[{"name":"wp","href":"https:\/\/api.w.org\/{rel}","templated":true}]}}