{"id":19730,"date":"2023-07-13T08:03:21","date_gmt":"2023-07-13T08:03:21","guid":{"rendered":"https:\/\/www.va-q-tec.com\/?page_id=19730"},"modified":"2024-05-08T10:18:30","modified_gmt":"2024-05-08T10:18:30","slug":"facade-element","status":"publish","type":"page","link":"https:\/\/www.va-q-tec.com\/en\/business-areas\/construction\/facade-element\/","title":{"rendered":"Facade element"},"content":{"rendered":"\n<div id=\"page-headline-block_64c75514d34ab\" class=\"widget widget-page-headline widget--space-before-medium widget--space-after-none\">\n            <div class=\"widget__header\">\n            <div class=\"container\">\n                <div class=\"title\">\n                                            <div class=\"topline\">\n                            <div class=\"breadcrumbs\">\n                <div class=\"container\">\n                    <div class=\"row\">\n                        <div class=\"breadcrumbs__items\">\n                            <div class=\"breadcrumbs__content\">\n                                <div class=\"breadcrumbs__item\"><\/div>\n                            <\/div>\n                        <\/div>\n                    <\/div>\n                <\/div>\n            <\/div>                        <\/div>\n                                                                <div class=\"headline\">\n                            <h1>Facade element<\/h1>\n                        <\/div>\n                                                        <\/div>\n            <\/div>\n        <\/div>\n    <\/div>\n\n\n\n<div id=\"image-block_64c75519d34ac\" class=\"widget widget-image widget--space-before-medium widget--space-after-none\">\n            <div class=\"widget__middle\">\n            <div class=\"container\">\n                <div class=\"image\"><img loading=\"lazy\" decoding=\"async\" width=\"1024\" height=\"449\" src=\"https:\/\/www.va-q-tec.com\/wp-content\/uploads\/Fassade3.1-1024x449.jpg\" class=\"attachment-large size-large\" alt=\"Das Bild zeigt die reflektierende Glasfassade moderner Hochh\u00e4user gegen einen klaren Himmel.\" srcset=\"https:\/\/www.va-q-tec.com\/wp-content\/uploads\/Fassade3.1-1024x449.jpg 1024w, https:\/\/www.va-q-tec.com\/wp-content\/uploads\/Fassade3.1-300x132.jpg 300w, https:\/\/www.va-q-tec.com\/wp-content\/uploads\/Fassade3.1-768x337.jpg 768w, https:\/\/www.va-q-tec.com\/wp-content\/uploads\/Fassade3.1-1536x674.jpg 1536w, https:\/\/www.va-q-tec.com\/wp-content\/uploads\/Fassade3.1-2048x898.jpg 2048w, https:\/\/www.va-q-tec.com\/wp-content\/uploads\/Fassade3.1-1680x737.jpg 1680w, https:\/\/www.va-q-tec.com\/wp-content\/uploads\/Fassade3.1-1200x526.jpg 1200w, https:\/\/www.va-q-tec.com\/wp-content\/uploads\/Fassade3.1-480x211.jpg 480w, https:\/\/www.va-q-tec.com\/wp-content\/uploads\/Fassade3.1-200x88.jpg 200w\" sizes=\"auto, (max-width: 1024px) 100vw, 1024px\" \/><\/div>\n            <\/div>\n        <\/div>\n    <\/div>\n\n\n<div id=\"vqt-section-block_64c75595d34b0\" class=\"vqt-section vqt-section--width-medium vqt-section--color-white widget--space-before-medium widget--space-after-medium\">\n    <div class=\"section\">\n        \n\n<div class=\"wp-block-columns is-layout-flex wp-container-core-columns-is-layout-2 wp-block-columns-is-layout-flex\">\n<div class=\"wp-block-column is-layout-flow wp-block-column-is-layout-flow\">\n<div id=\"headline-with-text-block_64c755a0d34b2\" class=\"widget widget-headline-with-text theme-col theme-align-left widget--space-before-medium widget--space-after-medium\">\n            <div class=\"widget__header\">\n            <div class=\"container\">\n                                                    <div class=\"text text-medium\"><p>Parapet elements, also known as facade elements, facade sandwich elements or insulating glass, offer a further application possibility in building insulation with our vacuum insulation panels (VIPs). These elements consist of two cover layers \u2013 for example, glass or metal plates and a VIP layer in between. A spacer surrounds the elements at the edge.<\/p>\n<p>To avoid thermal bridges, the spacer should be chosen carefully:<\/p>\n<p>Figure 1 shows VIPs combined with a thermally optimized spacer, thus minimizing thermal bridges.<\/p>\n<p>Figure 2, on the other hand, shows that a poor choice of spacer increases thermal bridges (red).<\/p>\n<p>Our VIPs prove their practical advantages, e.g. in the Grand Tower, Frankfurt am Main.<\/p>\n<\/div>\n                            <\/div>\n        <\/div>\n        <\/div>\n<\/div>\n\n\n\n<div class=\"wp-block-column is-layout-flow wp-block-column-is-layout-flow\">\n<div class=\"wp-block-columns is-layout-flex wp-container-core-columns-is-layout-1 wp-block-columns-is-layout-flex\">\n<div class=\"wp-block-column is-layout-flow wp-block-column-is-layout-flow\">\n<div id=\"image-block_64c755a0d34b3\" class=\"widget widget-image widget--space-before-large widget--space-after-medium\">\n            <div class=\"widget__middle\">\n            <div class=\"container\">\n                <div class=\"image\"><img loading=\"lazy\" decoding=\"async\" width=\"300\" height=\"530\" src=\"https:\/\/www.va-q-tec.com\/wp-content\/uploads\/W\u00e4rmebr\u00fccke_metallfoile.jpg\" class=\"attachment-large size-large\" alt=\"Das ist ein abstraktes, w\u00e4rmekamera\u00e4hnliches Bild mit einem zentralen blauen Bereich, umgeben von gelben und roten R\u00e4ndern.\" srcset=\"https:\/\/www.va-q-tec.com\/wp-content\/uploads\/W\u00e4rmebr\u00fccke_metallfoile.jpg 300w, https:\/\/www.va-q-tec.com\/wp-content\/uploads\/W\u00e4rmebr\u00fccke_metallfoile-170x300.jpg 170w, https:\/\/www.va-q-tec.com\/wp-content\/uploads\/W\u00e4rmebr\u00fccke_metallfoile-200x353.jpg 200w\" sizes=\"auto, (max-width: 300px) 100vw, 300px\" \/><\/div>\n            <\/div>\n        <\/div>\n    <\/div>\n<\/div>\n\n\n\n<div class=\"wp-block-column is-layout-flow wp-block-column-is-layout-flow\">\n<div id=\"image-block_64c755a0d34b4\" class=\"widget widget-image widget--space-before-large widget--space-after-medium\">\n            <div class=\"widget__middle\">\n            <div class=\"container\">\n                <div class=\"image\"><img loading=\"lazy\" decoding=\"async\" width=\"300\" height=\"527\" src=\"https:\/\/www.va-q-tec.com\/wp-content\/uploads\/W\u00e4rmebr\u00fccke_Alfoile.jpg\" class=\"attachment-large size-large\" alt=\"Das Bild zeigt ein abstraktes, zweidimensionales farbiges Muster, das an W\u00e4rmebildaufnahmen erinnert.\" srcset=\"https:\/\/www.va-q-tec.com\/wp-content\/uploads\/W\u00e4rmebr\u00fccke_Alfoile.jpg 300w, https:\/\/www.va-q-tec.com\/wp-content\/uploads\/W\u00e4rmebr\u00fccke_Alfoile-171x300.jpg 171w, https:\/\/www.va-q-tec.com\/wp-content\/uploads\/W\u00e4rmebr\u00fccke_Alfoile-200x351.jpg 200w\" sizes=\"auto, (max-width: 300px) 100vw, 300px\" \/><\/div>\n            <\/div>\n        <\/div>\n    <\/div>\n<\/div>\n<\/div>\n<\/div>\n<\/div>\n\n\n    <\/div>\n<\/div>\n","protected":false},"excerpt":{"rendered":"","protected":false},"author":15,"featured_media":6095,"parent":19692,"menu_order":0,"comment_status":"closed","ping_status":"closed","template":"","meta":{"_acf_changed":false,"footnotes":""},"class_list":["post-19730","page","type-page","status-publish","has-post-thumbnail","hentry"],"acf":[],"yoast_head":"<!-- This site is optimized with the Yoast SEO plugin v25.7 - https:\/\/yoast.com\/wordpress\/plugins\/seo\/ -->\n<title>Vacuum insulation for fa\u00e7ade elements \u25ba va-Q-tec<\/title>\n<meta name=\"description\" content=\"Vacuum insulation panels: Advantages for fa\u00e7ade elements \u25ba va-Q-tec \u2705 Energy-efficient \u2713 Thin \u2713 Made in Germany! Click now to find out more!\" \/>\n<meta name=\"robots\" content=\"index, follow, max-snippet:-1, max-image-preview:large, max-video-preview:-1\" \/>\n<link rel=\"canonical\" href=\"https:\/\/www.va-q-tec.com\/en\/business-areas\/construction\/facade-element\/\" \/>\n<meta property=\"og:locale\" content=\"en_US\" \/>\n<meta property=\"og:type\" content=\"article\" \/>\n<meta property=\"og:title\" content=\"Vacuum insulation for fa\u00e7ade elements \u25ba va-Q-tec\" \/>\n<meta property=\"og:description\" content=\"Vacuum insulation panels: Advantages for fa\u00e7ade elements \u25ba va-Q-tec \u2705 Energy-efficient \u2713 Thin \u2713 Made in Germany! Click now to find out more!\" \/>\n<meta property=\"og:url\" content=\"https:\/\/www.va-q-tec.com\/en\/business-areas\/construction\/facade-element\/\" \/>\n<meta property=\"og:site_name\" content=\"va-Q-tec\" \/>\n<meta property=\"article:modified_time\" content=\"2024-05-08T10:18:30+00:00\" \/>\n<meta property=\"og:image\" content=\"https:\/\/www.va-q-tec.com\/wp-content\/uploads\/Fassade_Kachelquadrat-3.jpg\" \/>\n\t<meta property=\"og:image:width\" content=\"400\" \/>\n\t<meta property=\"og:image:height\" content=\"330\" \/>\n\t<meta property=\"og:image:type\" content=\"image\/jpeg\" \/>\n<meta name=\"twitter:card\" content=\"summary_large_image\" \/>\n<script type=\"application\/ld+json\" class=\"yoast-schema-graph\">{\"@context\":\"https:\/\/schema.org\",\"@graph\":[{\"@type\":\"WebPage\",\"@id\":\"https:\/\/www.va-q-tec.com\/en\/business-areas\/construction\/facade-element\/\",\"url\":\"https:\/\/www.va-q-tec.com\/en\/business-areas\/construction\/facade-element\/\",\"name\":\"Vacuum insulation for fa\u00e7ade elements \u25ba va-Q-tec\",\"isPartOf\":{\"@id\":\"https:\/\/www.va-q-tec.com\/en\/#website\"},\"primaryImageOfPage\":{\"@id\":\"https:\/\/www.va-q-tec.com\/en\/business-areas\/construction\/facade-element\/#primaryimage\"},\"image\":{\"@id\":\"https:\/\/www.va-q-tec.com\/en\/business-areas\/construction\/facade-element\/#primaryimage\"},\"thumbnailUrl\":\"https:\/\/www.va-q-tec.com\/wp-content\/uploads\/Fassade_Kachelquadrat-3.jpg\",\"datePublished\":\"2023-07-13T08:03:21+00:00\",\"dateModified\":\"2024-05-08T10:18:30+00:00\",\"description\":\"Vacuum insulation panels: Advantages for fa\u00e7ade elements \u25ba va-Q-tec \u2705 Energy-efficient \u2713 Thin \u2713 Made in Germany! Click now to find out more!\",\"breadcrumb\":{\"@id\":\"https:\/\/www.va-q-tec.com\/en\/business-areas\/construction\/facade-element\/#breadcrumb\"},\"inLanguage\":\"en-US\",\"potentialAction\":[{\"@type\":\"ReadAction\",\"target\":[\"https:\/\/www.va-q-tec.com\/en\/business-areas\/construction\/facade-element\/\"]}]},{\"@type\":\"ImageObject\",\"inLanguage\":\"en-US\",\"@id\":\"https:\/\/www.va-q-tec.com\/en\/business-areas\/construction\/facade-element\/#primaryimage\",\"url\":\"https:\/\/www.va-q-tec.com\/wp-content\/uploads\/Fassade_Kachelquadrat-3.jpg\",\"contentUrl\":\"https:\/\/www.va-q-tec.com\/wp-content\/uploads\/Fassade_Kachelquadrat-3.jpg\",\"width\":400,\"height\":330,\"caption\":\"Ein modernes Hochhaus mit einer Fassade aus blau get\u00f6nten Glaspaneelen.\"},{\"@type\":\"BreadcrumbList\",\"@id\":\"https:\/\/www.va-q-tec.com\/en\/business-areas\/construction\/facade-element\/#breadcrumb\",\"itemListElement\":[{\"@type\":\"ListItem\",\"position\":1,\"name\":\"Home\",\"item\":\"https:\/\/www.va-q-tec.com\/en\/\"},{\"@type\":\"ListItem\",\"position\":2,\"name\":\"Business Areas\",\"item\":\"https:\/\/www.va-q-tec.com\/en\/business-areas\/\"},{\"@type\":\"ListItem\",\"position\":3,\"name\":\"Construction\",\"item\":\"https:\/\/www.va-q-tec.com\/en\/business-areas\/construction\/\"},{\"@type\":\"ListItem\",\"position\":4,\"name\":\"Facade element\"}]},{\"@type\":\"WebSite\",\"@id\":\"https:\/\/www.va-q-tec.com\/en\/#website\",\"url\":\"https:\/\/www.va-q-tec.com\/en\/\",\"name\":\"va-Q-tec\",\"description\":\"We solve thermal Challenges\",\"publisher\":{\"@id\":\"https:\/\/www.va-q-tec.com\/en\/#organization\"},\"potentialAction\":[{\"@type\":\"SearchAction\",\"target\":{\"@type\":\"EntryPoint\",\"urlTemplate\":\"https:\/\/www.va-q-tec.com\/en\/?s={search_term_string}\"},\"query-input\":{\"@type\":\"PropertyValueSpecification\",\"valueRequired\":true,\"valueName\":\"search_term_string\"}}],\"inLanguage\":\"en-US\"},{\"@type\":\"Organization\",\"@id\":\"https:\/\/www.va-q-tec.com\/en\/#organization\",\"name\":\"va-Q-tec\",\"url\":\"https:\/\/www.va-q-tec.com\/en\/\",\"logo\":{\"@type\":\"ImageObject\",\"inLanguage\":\"en-US\",\"@id\":\"https:\/\/www.va-q-tec.com\/en\/#\/schema\/logo\/image\/\",\"url\":\"https:\/\/www.va-q-tec.com\/wp-content\/uploads\/va-Q-tec_Q_Logo_3c.png\",\"contentUrl\":\"https:\/\/www.va-q-tec.com\/wp-content\/uploads\/va-Q-tec_Q_Logo_3c.png\",\"width\":720,\"height\":720,\"caption\":\"va-Q-tec\"},\"image\":{\"@id\":\"https:\/\/www.va-q-tec.com\/en\/#\/schema\/logo\/image\/\"},\"sameAs\":[\"https:\/\/www.linkedin.com\/company\/va-q-tec\/\",\"https:\/\/www.instagram.com\/va_q_tec\/\",\"https:\/\/www.youtube.com\/channel\/UClLyKAwknuXYSg-SwFZfeSg\"]}]}<\/script>\n<!-- \/ Yoast SEO plugin. -->","yoast_head_json":{"title":"Vacuum insulation for fa\u00e7ade elements \u25ba va-Q-tec","description":"Vacuum insulation panels: Advantages for fa\u00e7ade elements \u25ba va-Q-tec \u2705 Energy-efficient \u2713 Thin \u2713 Made in Germany! Click now to find out more!","robots":{"index":"index","follow":"follow","max-snippet":"max-snippet:-1","max-image-preview":"max-image-preview:large","max-video-preview":"max-video-preview:-1"},"canonical":"https:\/\/www.va-q-tec.com\/en\/business-areas\/construction\/facade-element\/","og_locale":"en_US","og_type":"article","og_title":"Vacuum insulation for fa\u00e7ade elements \u25ba va-Q-tec","og_description":"Vacuum insulation panels: Advantages for fa\u00e7ade elements \u25ba va-Q-tec \u2705 Energy-efficient \u2713 Thin \u2713 Made in Germany! Click now to find out more!","og_url":"https:\/\/www.va-q-tec.com\/en\/business-areas\/construction\/facade-element\/","og_site_name":"va-Q-tec","article_modified_time":"2024-05-08T10:18:30+00:00","og_image":[{"width":400,"height":330,"url":"https:\/\/www.va-q-tec.com\/wp-content\/uploads\/Fassade_Kachelquadrat-3.jpg","type":"image\/jpeg"}],"twitter_card":"summary_large_image","schema":{"@context":"https:\/\/schema.org","@graph":[{"@type":"WebPage","@id":"https:\/\/www.va-q-tec.com\/en\/business-areas\/construction\/facade-element\/","url":"https:\/\/www.va-q-tec.com\/en\/business-areas\/construction\/facade-element\/","name":"Vacuum insulation for fa\u00e7ade elements \u25ba va-Q-tec","isPartOf":{"@id":"https:\/\/www.va-q-tec.com\/en\/#website"},"primaryImageOfPage":{"@id":"https:\/\/www.va-q-tec.com\/en\/business-areas\/construction\/facade-element\/#primaryimage"},"image":{"@id":"https:\/\/www.va-q-tec.com\/en\/business-areas\/construction\/facade-element\/#primaryimage"},"thumbnailUrl":"https:\/\/www.va-q-tec.com\/wp-content\/uploads\/Fassade_Kachelquadrat-3.jpg","datePublished":"2023-07-13T08:03:21+00:00","dateModified":"2024-05-08T10:18:30+00:00","description":"Vacuum insulation panels: Advantages for fa\u00e7ade elements \u25ba va-Q-tec \u2705 Energy-efficient \u2713 Thin \u2713 Made in Germany! Click now to find out more!","breadcrumb":{"@id":"https:\/\/www.va-q-tec.com\/en\/business-areas\/construction\/facade-element\/#breadcrumb"},"inLanguage":"en-US","potentialAction":[{"@type":"ReadAction","target":["https:\/\/www.va-q-tec.com\/en\/business-areas\/construction\/facade-element\/"]}]},{"@type":"ImageObject","inLanguage":"en-US","@id":"https:\/\/www.va-q-tec.com\/en\/business-areas\/construction\/facade-element\/#primaryimage","url":"https:\/\/www.va-q-tec.com\/wp-content\/uploads\/Fassade_Kachelquadrat-3.jpg","contentUrl":"https:\/\/www.va-q-tec.com\/wp-content\/uploads\/Fassade_Kachelquadrat-3.jpg","width":400,"height":330,"caption":"Ein modernes Hochhaus mit einer Fassade aus blau get\u00f6nten Glaspaneelen."},{"@type":"BreadcrumbList","@id":"https:\/\/www.va-q-tec.com\/en\/business-areas\/construction\/facade-element\/#breadcrumb","itemListElement":[{"@type":"ListItem","position":1,"name":"Home","item":"https:\/\/www.va-q-tec.com\/en\/"},{"@type":"ListItem","position":2,"name":"Business Areas","item":"https:\/\/www.va-q-tec.com\/en\/business-areas\/"},{"@type":"ListItem","position":3,"name":"Construction","item":"https:\/\/www.va-q-tec.com\/en\/business-areas\/construction\/"},{"@type":"ListItem","position":4,"name":"Facade element"}]},{"@type":"WebSite","@id":"https:\/\/www.va-q-tec.com\/en\/#website","url":"https:\/\/www.va-q-tec.com\/en\/","name":"va-Q-tec","description":"We solve thermal Challenges","publisher":{"@id":"https:\/\/www.va-q-tec.com\/en\/#organization"},"potentialAction":[{"@type":"SearchAction","target":{"@type":"EntryPoint","urlTemplate":"https:\/\/www.va-q-tec.com\/en\/?s={search_term_string}"},"query-input":{"@type":"PropertyValueSpecification","valueRequired":true,"valueName":"search_term_string"}}],"inLanguage":"en-US"},{"@type":"Organization","@id":"https:\/\/www.va-q-tec.com\/en\/#organization","name":"va-Q-tec","url":"https:\/\/www.va-q-tec.com\/en\/","logo":{"@type":"ImageObject","inLanguage":"en-US","@id":"https:\/\/www.va-q-tec.com\/en\/#\/schema\/logo\/image\/","url":"https:\/\/www.va-q-tec.com\/wp-content\/uploads\/va-Q-tec_Q_Logo_3c.png","contentUrl":"https:\/\/www.va-q-tec.com\/wp-content\/uploads\/va-Q-tec_Q_Logo_3c.png","width":720,"height":720,"caption":"va-Q-tec"},"image":{"@id":"https:\/\/www.va-q-tec.com\/en\/#\/schema\/logo\/image\/"},"sameAs":["https:\/\/www.linkedin.com\/company\/va-q-tec\/","https:\/\/www.instagram.com\/va_q_tec\/","https:\/\/www.youtube.com\/channel\/UClLyKAwknuXYSg-SwFZfeSg"]}]}},"_links":{"self":[{"href":"https:\/\/www.va-q-tec.com\/en\/wp-json\/wp\/v2\/pages\/19730","targetHints":{"allow":["GET"]}}],"collection":[{"href":"https:\/\/www.va-q-tec.com\/en\/wp-json\/wp\/v2\/pages"}],"about":[{"href":"https:\/\/www.va-q-tec.com\/en\/wp-json\/wp\/v2\/types\/page"}],"author":[{"embeddable":true,"href":"https:\/\/www.va-q-tec.com\/en\/wp-json\/wp\/v2\/users\/15"}],"replies":[{"embeddable":true,"href":"https:\/\/www.va-q-tec.com\/en\/wp-json\/wp\/v2\/comments?post=19730"}],"version-history":[{"count":9,"href":"https:\/\/www.va-q-tec.com\/en\/wp-json\/wp\/v2\/pages\/19730\/revisions"}],"predecessor-version":[{"id":29177,"href":"https:\/\/www.va-q-tec.com\/en\/wp-json\/wp\/v2\/pages\/19730\/revisions\/29177"}],"up":[{"embeddable":true,"href":"https:\/\/www.va-q-tec.com\/en\/wp-json\/wp\/v2\/pages\/19692"}],"wp:featuredmedia":[{"embeddable":true,"href":"https:\/\/www.va-q-tec.com\/en\/wp-json\/wp\/v2\/media\/6095"}],"wp:attachment":[{"href":"https:\/\/www.va-q-tec.com\/en\/wp-json\/wp\/v2\/media?parent=19730"}],"curies":[{"name":"wp","href":"https:\/\/api.w.org\/{rel}","templated":true}]}}